{"id":1369587,"date":"2026-02-14T16:32:47","date_gmt":"2026-02-14T14:32:47","guid":{"rendered":"https:\/\/games.tactic.net\/tuote\/lumo-stars-french-bulldog-lyyli-plush-classic-15-cm\/"},"modified":"2026-02-14T16:32:47","modified_gmt":"2026-02-14T14:32:47","slug":"lumo-stars-french-bulldog-lyyli-plush-classic-15-cm","status":"publish","type":"product","link":"https:\/\/games.tactic.net\/sv\/tuote\/lumo-stars-french-bulldog-lyyli-plush-classic-15-cm\/","title":{"rendered":"Lumo Stars French Bulldog Lyyli plush classic 15 cm"},"content":{"rendered":"<p>Jag \u00e4r Lyyli, en fransk bulldogg. Jag \u00e4r alltid redo att krama och skydda dem jag \u00e4lskar. Med mina stora, nyfikna \u00f6gon och mjuka tassar sm\u00e4lter jag ditt hj\u00e4rta och l\u00e4mnar dig aldrig ensam. Jag \u00e4r liten, men min k\u00e4rlek \u00e4r enorm!<\/p>\n","protected":false},"excerpt":{"rendered":"<p>Jag \u00e4r Lyyli, en fransk bulldogg. Jag \u00e4r alltid redo att krama och skydda dem jag \u00e4lskar.<\/p>\n","protected":false},"featured_media":0,"template":"","meta":{"content-type":"","_monsterinsights_skip_tracking":false,"_monsterinsights_sitenote_active":false,"_monsterinsights_sitenote_note":"","_monsterinsights_sitenote_category":0},"product_brand":[],"product_cat":[1564],"product_tag":[],"brand":[],"target-group":[],"discontinued":[],"class_list":{"0":"post-1369587","1":"product","2":"type-product","3":"status-publish","5":"product_cat-classic-gosedjur-lumo-stars-5","7":"first","8":"instock","9":"taxable","10":"shipping-taxable","11":"product-type-simple"},"aioseo_notices":[],"_links":{"self":[{"href":"https:\/\/games.tactic.net\/sv\/wp-json\/wp\/v2\/product\/1369587","targetHints":{"allow":["GET"]}}],"collection":[{"href":"https:\/\/games.tactic.net\/sv\/wp-json\/wp\/v2\/product"}],"about":[{"href":"https:\/\/games.tactic.net\/sv\/wp-json\/wp\/v2\/types\/product"}],"wp:attachment":[{"href":"https:\/\/games.tactic.net\/sv\/wp-json\/wp\/v2\/media?parent=1369587"}],"wp:term":[{"taxonomy":"product_brand","embeddable":true,"href":"https:\/\/games.tactic.net\/sv\/wp-json\/wp\/v2\/product_brand?post=1369587"},{"taxonomy":"product_cat","embeddable":true,"href":"https:\/\/games.tactic.net\/sv\/wp-json\/wp\/v2\/product_cat?post=1369587"},{"taxonomy":"product_tag","embeddable":true,"href":"https:\/\/games.tactic.net\/sv\/wp-json\/wp\/v2\/product_tag?post=1369587"},{"taxonomy":"brand","embeddable":true,"href":"https:\/\/games.tactic.net\/sv\/wp-json\/wp\/v2\/brand?post=1369587"},{"taxonomy":"target-group","embeddable":true,"href":"https:\/\/games.tactic.net\/sv\/wp-json\/wp\/v2\/target-group?post=1369587"},{"taxonomy":"discontinued","embeddable":true,"href":"https:\/\/games.tactic.net\/sv\/wp-json\/wp\/v2\/discontinued?post=1369587"}],"curies":[{"name":"wp","href":"https:\/\/api.w.org\/{rel}","templated":true}]}}