{"id":1369580,"date":"2026-02-14T16:22:44","date_gmt":"2026-02-14T14:22:44","guid":{"rendered":"https:\/\/games.tactic.net\/tuote\/lumo-stars-mandjur-fran-gurklandet-cucu-mjuk-leksak-big-24-cm\/"},"modified":"2026-02-14T16:22:44","modified_gmt":"2026-02-14T14:22:44","slug":"lumo-stars-mandjur-fran-gurklandet-cucu-mjuk-leksak-big-24-cm","status":"publish","type":"product","link":"https:\/\/games.tactic.net\/sv\/tuote\/lumo-stars-mandjur-fran-gurklandet-cucu-mjuk-leksak-big-24-cm\/","title":{"rendered":"Lumo Stars M\u00e5ndjur fr\u00e5n Gurklandet Cucu mjuk leksak big 24 cm"},"content":{"rendered":"<p>Lumo Stars M\u00e5ndjur fr\u00e5n Gurklandet gosedjur, big 24 cm. Jag har h\u00f6rt rykten om att jag har saknats! Jag \u00e4r ett M\u00e5ndjur fr\u00e5n Gurkland, men mina v\u00e4nner kallar mig Cucu. M\u00e4rket Design from Finland.<\/p>\n","protected":false},"excerpt":{"rendered":"<p>Jag har h\u00f6rt rykten om att jag har saknats! Jag \u00e4r ett M\u00e5ndjur fr\u00e5n Gurkland, men mina v\u00e4nner kallar mig bara Cucu.<\/p>\n","protected":false},"featured_media":0,"template":"","meta":{"content-type":"","_monsterinsights_skip_tracking":false,"_monsterinsights_sitenote_active":false,"_monsterinsights_sitenote_note":"","_monsterinsights_sitenote_category":0},"product_brand":[],"product_cat":[1566],"product_tag":[],"brand":[{"id":2358,"name":"Moonimal","slug":"moonimal"},{"id":1018,"name":"Lumo Stars","slug":"lumo-stars-13"}],"target-group":[],"discontinued":[],"class_list":{"0":"post-1369580","1":"product","2":"type-product","3":"status-publish","5":"product_cat-big-gosedjur-lumo-stars-5","6":"brand-lumo-stars-13","7":"brand-moonimal","9":"first","10":"outofstock","11":"taxable","12":"shipping-taxable","13":"product-type-simple"},"aioseo_notices":[],"_links":{"self":[{"href":"https:\/\/games.tactic.net\/sv\/wp-json\/wp\/v2\/product\/1369580","targetHints":{"allow":["GET"]}}],"collection":[{"href":"https:\/\/games.tactic.net\/sv\/wp-json\/wp\/v2\/product"}],"about":[{"href":"https:\/\/games.tactic.net\/sv\/wp-json\/wp\/v2\/types\/product"}],"wp:attachment":[{"href":"https:\/\/games.tactic.net\/sv\/wp-json\/wp\/v2\/media?parent=1369580"}],"wp:term":[{"taxonomy":"product_brand","embeddable":true,"href":"https:\/\/games.tactic.net\/sv\/wp-json\/wp\/v2\/product_brand?post=1369580"},{"taxonomy":"product_cat","embeddable":true,"href":"https:\/\/games.tactic.net\/sv\/wp-json\/wp\/v2\/product_cat?post=1369580"},{"taxonomy":"product_tag","embeddable":true,"href":"https:\/\/games.tactic.net\/sv\/wp-json\/wp\/v2\/product_tag?post=1369580"},{"taxonomy":"brand","embeddable":true,"href":"https:\/\/games.tactic.net\/sv\/wp-json\/wp\/v2\/brand?post=1369580"},{"taxonomy":"target-group","embeddable":true,"href":"https:\/\/games.tactic.net\/sv\/wp-json\/wp\/v2\/target-group?post=1369580"},{"taxonomy":"discontinued","embeddable":true,"href":"https:\/\/games.tactic.net\/sv\/wp-json\/wp\/v2\/discontinued?post=1369580"}],"curies":[{"name":"wp","href":"https:\/\/api.w.org\/{rel}","templated":true}]}}