{"id":1369570,"date":"2026-02-14T15:42:31","date_gmt":"2026-02-14T13:42:31","guid":{"rendered":"https:\/\/games.tactic.net\/tuote\/sunsport-discgolf-set-start-tpe-plastic\/"},"modified":"2026-03-27T15:02:39","modified_gmt":"2026-03-27T13:02:39","slug":"sunsport-discgolf-set-start-tpe-plastic","status":"publish","type":"product","link":"https:\/\/games.tactic.net\/sv\/tuote\/sunsport-discgolf-set-start-tpe-plastic\/","title":{"rendered":"Sunsport Discgolf set START, TPE-plastic"},"content":{"rendered":"<p>Discgolf-set. Detta set inneh\u00e5ller de tre basdiscar du beh\u00f6ver f\u00f6r en match p\u00e5 banan! M\u00e5tt p\u00e5 discar \u00d8 21 cm. 1 Driver, 1 Mid Range, 1 Putter. Tillverkat i h\u00f6gkvalitativ TPE-plast som \u00e4r elastisk men h\u00e5rdare \u00e4n TPU och har en mattare yta. Perfekta discar f\u00f6r nyb\u00f6rjare. Alla discar har godk\u00e4nda vikter mellan 165\u2013175 gram. Setet levereras med en slumpm\u00e4ssig mix av discar. <\/p>\n","protected":false},"excerpt":{"rendered":"<p>Sunsport Discgolf set START, TPE-plastic<\/p>\n","protected":false},"featured_media":0,"template":"","meta":{"content-type":"","_monsterinsights_skip_tracking":false,"_monsterinsights_sitenote_active":false,"_monsterinsights_sitenote_note":"","_monsterinsights_sitenote_category":0},"product_brand":[],"product_cat":[2333],"product_tag":[],"brand":[{"id":2336,"name":"BEX Sport","slug":"bex-sport"}],"target-group":[],"discontinued":[],"class_list":{"0":"post-1369570","1":"product","2":"type-product","3":"status-publish","5":"product_cat-bex-sport-utomhus-spel","6":"brand-bex-sport","8":"first","9":"outofstock","10":"taxable","11":"shipping-taxable","12":"product-type-simple"},"aioseo_notices":[],"_links":{"self":[{"href":"https:\/\/games.tactic.net\/sv\/wp-json\/wp\/v2\/product\/1369570","targetHints":{"allow":["GET"]}}],"collection":[{"href":"https:\/\/games.tactic.net\/sv\/wp-json\/wp\/v2\/product"}],"about":[{"href":"https:\/\/games.tactic.net\/sv\/wp-json\/wp\/v2\/types\/product"}],"wp:attachment":[{"href":"https:\/\/games.tactic.net\/sv\/wp-json\/wp\/v2\/media?parent=1369570"}],"wp:term":[{"taxonomy":"product_brand","embeddable":true,"href":"https:\/\/games.tactic.net\/sv\/wp-json\/wp\/v2\/product_brand?post=1369570"},{"taxonomy":"product_cat","embeddable":true,"href":"https:\/\/games.tactic.net\/sv\/wp-json\/wp\/v2\/product_cat?post=1369570"},{"taxonomy":"product_tag","embeddable":true,"href":"https:\/\/games.tactic.net\/sv\/wp-json\/wp\/v2\/product_tag?post=1369570"},{"taxonomy":"brand","embeddable":true,"href":"https:\/\/games.tactic.net\/sv\/wp-json\/wp\/v2\/brand?post=1369570"},{"taxonomy":"target-group","embeddable":true,"href":"https:\/\/games.tactic.net\/sv\/wp-json\/wp\/v2\/target-group?post=1369570"},{"taxonomy":"discontinued","embeddable":true,"href":"https:\/\/games.tactic.net\/sv\/wp-json\/wp\/v2\/discontinued?post=1369570"}],"curies":[{"name":"wp","href":"https:\/\/api.w.org\/{rel}","templated":true}]}}