{"id":1369530,"date":"2026-02-09T16:18:31","date_gmt":"2026-02-09T14:18:31","guid":{"rendered":"https:\/\/games.tactic.net\/tuote\/bristlelock-bulding-block-set-41pcs\/"},"modified":"2026-02-09T16:18:31","modified_gmt":"2026-02-09T14:18:31","slug":"bristlelock-bulding-block-set-41pcs","status":"publish","type":"product","link":"https:\/\/games.tactic.net\/sv\/tuote\/bristlelock-bulding-block-set-41pcs\/","title":{"rendered":"Bristlelock bulding block set 41pcs"},"content":{"rendered":"<p>PicassoTiles erbjuder bygglek utan frustration med sina mjuka igelkottsformade 3D-byggklossar.<br \/>\nGrundsatsen med 41 delar fr\u00e4mjar viktiga f\u00e4rdigheter som \u00f6ga-hand-koordination, f\u00e4rgigenk\u00e4nning och STEAM-inl\u00e4rning, samtidigt som den bjuder p\u00e5 o\u00e4ndliga byggm\u00f6jligheter. Tack vare enkel sammankoppling och en praktisk id\u00e9bok kan barnen snabbt komma ig\u00e5ng med att skapa fantasifulla konstruktioner.<\/p>\n<p>I l\u00e5dan:<\/p>\n<p>41 borstiga byggklossar i igelkottsform<\/p>\n<p>4 hjul<\/p>\n<p>4 \u00f6gon<\/p>\n<p>1 id\u00e9bok<\/p>\n","protected":false},"excerpt":{"rendered":"<p>PicassoTiles erbjuder bygglek utan frustration med sina mjuka igelkottsformade 3D-byggklossar.<\/p>\n","protected":false},"featured_media":0,"template":"","meta":{"content-type":"","_monsterinsights_skip_tracking":false,"_monsterinsights_sitenote_active":false,"_monsterinsights_sitenote_note":"","_monsterinsights_sitenote_category":0},"product_brand":[],"product_cat":[2292],"product_tag":[],"brand":[],"target-group":[],"discontinued":[],"class_list":{"0":"post-1369530","1":"product","2":"type-product","3":"status-publish","5":"product_cat-picassotiles-leksaker","7":"first","8":"instock","9":"taxable","10":"shipping-taxable","11":"product-type-simple"},"aioseo_notices":[],"_links":{"self":[{"href":"https:\/\/games.tactic.net\/sv\/wp-json\/wp\/v2\/product\/1369530","targetHints":{"allow":["GET"]}}],"collection":[{"href":"https:\/\/games.tactic.net\/sv\/wp-json\/wp\/v2\/product"}],"about":[{"href":"https:\/\/games.tactic.net\/sv\/wp-json\/wp\/v2\/types\/product"}],"wp:attachment":[{"href":"https:\/\/games.tactic.net\/sv\/wp-json\/wp\/v2\/media?parent=1369530"}],"wp:term":[{"taxonomy":"product_brand","embeddable":true,"href":"https:\/\/games.tactic.net\/sv\/wp-json\/wp\/v2\/product_brand?post=1369530"},{"taxonomy":"product_cat","embeddable":true,"href":"https:\/\/games.tactic.net\/sv\/wp-json\/wp\/v2\/product_cat?post=1369530"},{"taxonomy":"product_tag","embeddable":true,"href":"https:\/\/games.tactic.net\/sv\/wp-json\/wp\/v2\/product_tag?post=1369530"},{"taxonomy":"brand","embeddable":true,"href":"https:\/\/games.tactic.net\/sv\/wp-json\/wp\/v2\/brand?post=1369530"},{"taxonomy":"target-group","embeddable":true,"href":"https:\/\/games.tactic.net\/sv\/wp-json\/wp\/v2\/target-group?post=1369530"},{"taxonomy":"discontinued","embeddable":true,"href":"https:\/\/games.tactic.net\/sv\/wp-json\/wp\/v2\/discontinued?post=1369530"}],"curies":[{"name":"wp","href":"https:\/\/api.w.org\/{rel}","templated":true}]}}