{"id":1369527,"date":"2026-02-09T16:18:04","date_gmt":"2026-02-09T14:18:04","guid":{"rendered":"https:\/\/games.tactic.net\/tuote\/picassotiles-bristlelock-building-block-set-112pcs\/"},"modified":"2026-02-09T16:18:04","modified_gmt":"2026-02-09T14:18:04","slug":"picassotiles-bristlelock-building-block-set-112pcs","status":"publish","type":"product","link":"https:\/\/games.tactic.net\/sv\/tuote\/picassotiles-bristlelock-building-block-set-112pcs\/","title":{"rendered":"PicassoTiles Bristlelock building block set 112pcs"},"content":{"rendered":"<p>PicassoTiles 112-delars byggsats med igelkottsformade 3D-klossar \u00f6ppnar upp en v\u00e4rld av enkel sammankoppling och smidig konstruktion. Tack vare bitar som \u00e4r l\u00e4tta att ta is\u00e4r blir byggandet en gl\u00e4djefylld upplevelse som uppmuntrar barn att l\u00e4ra och ge sig ut p\u00e5 \u00e4ventyr.<\/p>\n<p>De mjuka, gummiliknande igelkottsklossarna hakar fast i varandra i vilken vinkel som helst, vilket g\u00f6r det enklare att bygga. Setet utvecklar barnens kreativitet i tidig \u00e5lder genom att st\u00e4rka f\u00f6rst\u00e5elsen f\u00f6r f\u00e4rger, geometriska former och arkitektonisk design. De f\u00e4rgstarka bitarna erbjuder o\u00e4ndliga byggm\u00f6jligheter f\u00f6r barn \u00f6ver 3 \u00e5r.<\/p>\n","protected":false},"excerpt":{"rendered":"<p>PicassoTiles 112-delars byggsats med igelkottsformade 3D-klossar \u00f6ppnar upp en v\u00e4rld av enkel sammankoppling och smidig konstruktion.<\/p>\n","protected":false},"featured_media":0,"template":"","meta":{"content-type":"","_monsterinsights_skip_tracking":false,"_monsterinsights_sitenote_active":false,"_monsterinsights_sitenote_note":"","_monsterinsights_sitenote_category":0},"product_brand":[],"product_cat":[2292],"product_tag":[],"brand":[],"target-group":[],"discontinued":[],"class_list":{"0":"post-1369527","1":"product","2":"type-product","3":"status-publish","5":"product_cat-picassotiles-leksaker","7":"first","8":"instock","9":"taxable","10":"shipping-taxable","11":"product-type-simple"},"aioseo_notices":[],"_links":{"self":[{"href":"https:\/\/games.tactic.net\/sv\/wp-json\/wp\/v2\/product\/1369527","targetHints":{"allow":["GET"]}}],"collection":[{"href":"https:\/\/games.tactic.net\/sv\/wp-json\/wp\/v2\/product"}],"about":[{"href":"https:\/\/games.tactic.net\/sv\/wp-json\/wp\/v2\/types\/product"}],"wp:attachment":[{"href":"https:\/\/games.tactic.net\/sv\/wp-json\/wp\/v2\/media?parent=1369527"}],"wp:term":[{"taxonomy":"product_brand","embeddable":true,"href":"https:\/\/games.tactic.net\/sv\/wp-json\/wp\/v2\/product_brand?post=1369527"},{"taxonomy":"product_cat","embeddable":true,"href":"https:\/\/games.tactic.net\/sv\/wp-json\/wp\/v2\/product_cat?post=1369527"},{"taxonomy":"product_tag","embeddable":true,"href":"https:\/\/games.tactic.net\/sv\/wp-json\/wp\/v2\/product_tag?post=1369527"},{"taxonomy":"brand","embeddable":true,"href":"https:\/\/games.tactic.net\/sv\/wp-json\/wp\/v2\/brand?post=1369527"},{"taxonomy":"target-group","embeddable":true,"href":"https:\/\/games.tactic.net\/sv\/wp-json\/wp\/v2\/target-group?post=1369527"},{"taxonomy":"discontinued","embeddable":true,"href":"https:\/\/games.tactic.net\/sv\/wp-json\/wp\/v2\/discontinued?post=1369527"}],"curies":[{"name":"wp","href":"https:\/\/api.w.org\/{rel}","templated":true}]}}