{"id":1369024,"date":"2026-01-22T16:17:54","date_gmt":"2026-01-22T14:17:54","guid":{"rendered":"https:\/\/games.tactic.net\/tuote\/tactic-mish-match-kortspeli\/"},"modified":"2026-01-22T16:17:54","modified_gmt":"2026-01-22T14:17:54","slug":"tactic-mish-match-kortspeli","status":"publish","type":"product","link":"https:\/\/games.tactic.net\/sv\/tuote\/tactic-mish-match-kortspeli\/","title":{"rendered":"Tactic Mish Match kortspeli"},"content":{"rendered":"<p>Det bedr\u00e4gligt enkla men o\u00e4ndligt roliga spelet med gr\u00f6na jordekorrar, festliga flamingor, rullskridsko\u00e5kande lila pandor, giriga getter som \u00e4ter kakor och f\u00f6r\u00e4lskade pingviner. I det h\u00e4r fartfyllda, hysteriskt tokiga och tungvrickande matchningsspelet g\u00e4ller det att vara f\u00f6rst med att uppt\u00e4cka en matchning. Ju mer matchande \u2013 desto tokigare blir det!<\/p>\n","protected":false},"excerpt":{"rendered":"<p>Det bedr\u00e4gligt enkla men o\u00e4ndligt roliga spelet med gr\u00f6na jordekorrar, festliga flamingor, rullskridsko\u00e5kande lila pandor, giriga getter som \u00e4ter kakor och f\u00f6r\u00e4lskade pingviner. I det h\u00e4r fartfyllda, hysteriskt tokiga och tungvrickande matchningsspelet g\u00e4ller det att vara f\u00f6rst med att uppt\u00e4cka en matchning. Ju mer matchande \u2013 desto tokigare blir det!<\/p>\n","protected":false},"featured_media":0,"template":"","meta":{"content-type":"","_monsterinsights_skip_tracking":false,"_monsterinsights_sitenote_active":false,"_monsterinsights_sitenote_note":"","_monsterinsights_sitenote_category":0},"product_brand":[],"product_cat":[303],"product_tag":[347,857],"brand":[],"target-group":[],"discontinued":[],"class_list":{"0":"post-1369024","1":"product","2":"type-product","3":"status-publish","5":"product_cat-barnspel","6":"product_tag-kombinera","7":"product_tag-tur","9":"first","10":"instock","11":"taxable","12":"shipping-taxable","13":"product-type-simple"},"aioseo_notices":[],"_links":{"self":[{"href":"https:\/\/games.tactic.net\/sv\/wp-json\/wp\/v2\/product\/1369024","targetHints":{"allow":["GET"]}}],"collection":[{"href":"https:\/\/games.tactic.net\/sv\/wp-json\/wp\/v2\/product"}],"about":[{"href":"https:\/\/games.tactic.net\/sv\/wp-json\/wp\/v2\/types\/product"}],"wp:attachment":[{"href":"https:\/\/games.tactic.net\/sv\/wp-json\/wp\/v2\/media?parent=1369024"}],"wp:term":[{"taxonomy":"product_brand","embeddable":true,"href":"https:\/\/games.tactic.net\/sv\/wp-json\/wp\/v2\/product_brand?post=1369024"},{"taxonomy":"product_cat","embeddable":true,"href":"https:\/\/games.tactic.net\/sv\/wp-json\/wp\/v2\/product_cat?post=1369024"},{"taxonomy":"product_tag","embeddable":true,"href":"https:\/\/games.tactic.net\/sv\/wp-json\/wp\/v2\/product_tag?post=1369024"},{"taxonomy":"brand","embeddable":true,"href":"https:\/\/games.tactic.net\/sv\/wp-json\/wp\/v2\/brand?post=1369024"},{"taxonomy":"target-group","embeddable":true,"href":"https:\/\/games.tactic.net\/sv\/wp-json\/wp\/v2\/target-group?post=1369024"},{"taxonomy":"discontinued","embeddable":true,"href":"https:\/\/games.tactic.net\/sv\/wp-json\/wp\/v2\/discontinued?post=1369024"}],"curies":[{"name":"wp","href":"https:\/\/api.w.org\/{rel}","templated":true}]}}