{"id":1369022,"date":"2026-01-22T16:17:43","date_gmt":"2026-01-22T14:17:43","guid":{"rendered":"https:\/\/games.tactic.net\/tuote\/tactic-egg-or-chicken-kortspel\/"},"modified":"2026-05-11T09:07:36","modified_gmt":"2026-05-11T06:07:36","slug":"tactic-egg-or-chicken-kortspel","status":"publish","type":"product","link":"https:\/\/games.tactic.net\/sv\/tuote\/tactic-egg-or-chicken-kortspel\/","title":{"rendered":"Tactic Egg or Chicken kortspel"},"content":{"rendered":"<p>Egg or Chicken \u00e4r ett budgivningsspel d\u00e4r spelarna gissar hur m\u00e5nga \u00e4gg eller h\u00f6nor som visas p\u00e5 korten under en runda. Tror du att det finns fler \u00e4gg? Eller kanske fler h\u00f6nor? Se upp f\u00f6r r\u00e4varna \u2013 de tar bort en h\u00f6na fr\u00e5n varje kort! Och stekpannorna? De tar bort ett \u00e4gg fr\u00e5n varje kort! F\u00f6rs\u00f6k samla s\u00e5 m\u00e5nga kort som m\u00f6jligt genom att gissa b\u00e4ttre \u00e4n de andra spelarna. I slutet vinner den som har flest kort!<\/p>\n","protected":false},"excerpt":{"rendered":"<p>Gissa hur m\u00e5nga \u00e4gg eller h\u00f6nor som visas p\u00e5 korten under en runda. Tror du att det \u00e4r fler \u00e4gg? Eller kanske h\u00f6nor? Se upp f\u00f6r r\u00e4varna och stekpannorna!<\/p>\n","protected":false},"featured_media":0,"template":"","meta":{"content-type":"","_monsterinsights_skip_tracking":false,"_monsterinsights_sitenote_active":false,"_monsterinsights_sitenote_note":"","_monsterinsights_sitenote_category":0},"product_brand":[],"product_cat":[1578],"product_tag":[347,857],"brand":[],"target-group":[],"discontinued":[],"class_list":{"0":"post-1369022","1":"product","2":"type-product","3":"status-publish","5":"product_cat-kort-och-tarningsspel-familjespel","6":"product_tag-kombinera","7":"product_tag-tur","9":"first","10":"instock","11":"taxable","12":"shipping-taxable","13":"product-type-simple"},"aioseo_notices":[],"_links":{"self":[{"href":"https:\/\/games.tactic.net\/sv\/wp-json\/wp\/v2\/product\/1369022","targetHints":{"allow":["GET"]}}],"collection":[{"href":"https:\/\/games.tactic.net\/sv\/wp-json\/wp\/v2\/product"}],"about":[{"href":"https:\/\/games.tactic.net\/sv\/wp-json\/wp\/v2\/types\/product"}],"wp:attachment":[{"href":"https:\/\/games.tactic.net\/sv\/wp-json\/wp\/v2\/media?parent=1369022"}],"wp:term":[{"taxonomy":"product_brand","embeddable":true,"href":"https:\/\/games.tactic.net\/sv\/wp-json\/wp\/v2\/product_brand?post=1369022"},{"taxonomy":"product_cat","embeddable":true,"href":"https:\/\/games.tactic.net\/sv\/wp-json\/wp\/v2\/product_cat?post=1369022"},{"taxonomy":"product_tag","embeddable":true,"href":"https:\/\/games.tactic.net\/sv\/wp-json\/wp\/v2\/product_tag?post=1369022"},{"taxonomy":"brand","embeddable":true,"href":"https:\/\/games.tactic.net\/sv\/wp-json\/wp\/v2\/brand?post=1369022"},{"taxonomy":"target-group","embeddable":true,"href":"https:\/\/games.tactic.net\/sv\/wp-json\/wp\/v2\/target-group?post=1369022"},{"taxonomy":"discontinued","embeddable":true,"href":"https:\/\/games.tactic.net\/sv\/wp-json\/wp\/v2\/discontinued?post=1369022"}],"curies":[{"name":"wp","href":"https:\/\/api.w.org\/{rel}","templated":true}]}}