{"id":1369020,"date":"2026-01-22T16:17:32","date_gmt":"2026-01-22T14:17:32","guid":{"rendered":"https:\/\/games.tactic.net\/tuote\/tactic-hex-kortspel\/"},"modified":"2026-01-22T16:17:32","modified_gmt":"2026-01-22T14:17:32","slug":"tactic-hex-kortspel","status":"publish","type":"product","link":"https:\/\/games.tactic.net\/sv\/tuote\/tactic-hex-kortspel\/","title":{"rendered":"Tactic Hex! kortspel"},"content":{"rendered":"<p>Den magiska trollkarlsfesten, d\u00e4r trollb\u00f6cker glimmar av gnistrande magi och lyktor sv\u00e4var i luften, \u00e4r p\u00e5 v\u00e4g att b\u00f6rja. G\u00e4sterna samlas vid ing\u00e5ngen, men intr\u00e4det ges inte s\u00e5 l\u00e4tt. Din uppgift \u00e4r att sl\u00e4ppa in g\u00e4sterna s\u00e5 snabbt som m\u00f6jligt. Uppt\u00e4ck vilka egenskaper korten har gemensamt, anv\u00e4nd magiska trollformler och bevittna dubbelg\u00e5ngarnas kraft. Den spelare som f\u00f6rst blir av med alla sina handkort vinner!<\/p>\n","protected":false},"excerpt":{"rendered":"<p>Den magiska trollkarlsfesten, d\u00e4r trollb\u00f6cker glimmar av gnistrande magi och lyktor sv\u00e4var i luften, \u00e4r p\u00e5 v\u00e4g att b\u00f6rja. G\u00e4sterna samlas vid ing\u00e5ngen, men intr\u00e4det ges inte s\u00e5 l\u00e4tt. Din uppgift \u00e4r att sl\u00e4ppa in g\u00e4sterna s\u00e5 snabbt som m\u00f6jligt. Uppt\u00e4ck vilka egenskaper korten har gemensamt, anv\u00e4nd magiska trollformler och bevittna dubbelg\u00e5ngarnas kraft. Den spelare [&hellip;]<\/p>\n","protected":false},"featured_media":0,"template":"","meta":{"content-type":"","_monsterinsights_skip_tracking":false,"_monsterinsights_sitenote_active":false,"_monsterinsights_sitenote_note":"","_monsterinsights_sitenote_category":0},"product_brand":[],"product_cat":[303],"product_tag":[1235,857],"brand":[],"target-group":[],"discontinued":[],"class_list":{"0":"post-1369020","1":"product","2":"type-product","3":"status-publish","5":"product_cat-barnspel","6":"product_tag-kombinera-sv","7":"product_tag-tur","9":"first","10":"instock","11":"taxable","12":"shipping-taxable","13":"product-type-simple"},"aioseo_notices":[],"_links":{"self":[{"href":"https:\/\/games.tactic.net\/sv\/wp-json\/wp\/v2\/product\/1369020","targetHints":{"allow":["GET"]}}],"collection":[{"href":"https:\/\/games.tactic.net\/sv\/wp-json\/wp\/v2\/product"}],"about":[{"href":"https:\/\/games.tactic.net\/sv\/wp-json\/wp\/v2\/types\/product"}],"wp:attachment":[{"href":"https:\/\/games.tactic.net\/sv\/wp-json\/wp\/v2\/media?parent=1369020"}],"wp:term":[{"taxonomy":"product_brand","embeddable":true,"href":"https:\/\/games.tactic.net\/sv\/wp-json\/wp\/v2\/product_brand?post=1369020"},{"taxonomy":"product_cat","embeddable":true,"href":"https:\/\/games.tactic.net\/sv\/wp-json\/wp\/v2\/product_cat?post=1369020"},{"taxonomy":"product_tag","embeddable":true,"href":"https:\/\/games.tactic.net\/sv\/wp-json\/wp\/v2\/product_tag?post=1369020"},{"taxonomy":"brand","embeddable":true,"href":"https:\/\/games.tactic.net\/sv\/wp-json\/wp\/v2\/brand?post=1369020"},{"taxonomy":"target-group","embeddable":true,"href":"https:\/\/games.tactic.net\/sv\/wp-json\/wp\/v2\/target-group?post=1369020"},{"taxonomy":"discontinued","embeddable":true,"href":"https:\/\/games.tactic.net\/sv\/wp-json\/wp\/v2\/discontinued?post=1369020"}],"curies":[{"name":"wp","href":"https:\/\/api.w.org\/{rel}","templated":true}]}}