{"id":1369015,"date":"2026-01-22T11:06:10","date_gmt":"2026-01-22T09:06:10","guid":{"rendered":"https:\/\/games.tactic.net\/tuote\/plasto-snow-sleigh-85-cm-red\/"},"modified":"2026-04-09T15:47:36","modified_gmt":"2026-04-09T12:47:36","slug":"plasto-snow-sleigh-85-cm-red","status":"publish","type":"product","link":"https:\/\/games.tactic.net\/sv\/tuote\/plasto-snow-sleigh-85-cm-red\/","title":{"rendered":"PLASTO Snow sleigh, 85 cm, Red"},"content":{"rendered":"<p>En fartfylld Plasto pulka. L\u00e4ngd 86 cm. Bekv\u00e4m sits. Extra l\u00e5ngt rep. 3+.  Tillverkad i Finland.<\/p>\n","protected":false},"excerpt":{"rendered":"<p>En fartfylld Plasto pulka. L\u00e4ngd 86 cm. Bekv\u00e4m sits. Extra l\u00e5ngt rep. 3+.  Tillverkad i Finland.<\/p>\n","protected":false},"featured_media":0,"template":"","meta":{"content-type":"","_monsterinsights_skip_tracking":false,"_monsterinsights_sitenote_active":false,"_monsterinsights_sitenote_note":"","_monsterinsights_sitenote_category":0},"product_brand":[],"product_cat":[2305],"product_tag":[],"brand":[{"id":2317,"name":"Plasto","slug":"plasto-5"}],"target-group":[],"discontinued":[],"class_list":{"0":"post-1369015","1":"product","2":"type-product","3":"status-publish","5":"product_cat-plasto","6":"brand-plasto-5","8":"first","9":"instock","10":"taxable","11":"shipping-taxable","12":"product-type-simple"},"aioseo_notices":[],"_links":{"self":[{"href":"https:\/\/games.tactic.net\/sv\/wp-json\/wp\/v2\/product\/1369015","targetHints":{"allow":["GET"]}}],"collection":[{"href":"https:\/\/games.tactic.net\/sv\/wp-json\/wp\/v2\/product"}],"about":[{"href":"https:\/\/games.tactic.net\/sv\/wp-json\/wp\/v2\/types\/product"}],"wp:attachment":[{"href":"https:\/\/games.tactic.net\/sv\/wp-json\/wp\/v2\/media?parent=1369015"}],"wp:term":[{"taxonomy":"product_brand","embeddable":true,"href":"https:\/\/games.tactic.net\/sv\/wp-json\/wp\/v2\/product_brand?post=1369015"},{"taxonomy":"product_cat","embeddable":true,"href":"https:\/\/games.tactic.net\/sv\/wp-json\/wp\/v2\/product_cat?post=1369015"},{"taxonomy":"product_tag","embeddable":true,"href":"https:\/\/games.tactic.net\/sv\/wp-json\/wp\/v2\/product_tag?post=1369015"},{"taxonomy":"brand","embeddable":true,"href":"https:\/\/games.tactic.net\/sv\/wp-json\/wp\/v2\/brand?post=1369015"},{"taxonomy":"target-group","embeddable":true,"href":"https:\/\/games.tactic.net\/sv\/wp-json\/wp\/v2\/target-group?post=1369015"},{"taxonomy":"discontinued","embeddable":true,"href":"https:\/\/games.tactic.net\/sv\/wp-json\/wp\/v2\/discontinued?post=1369015"}],"curies":[{"name":"wp","href":"https:\/\/api.w.org\/{rel}","templated":true}]}}