{"id":1368999,"date":"2026-01-16T16:19:42","date_gmt":"2026-01-16T14:19:42","guid":{"rendered":"https:\/\/games.tactic.net\/tuote\/plasto-sand-set-for-water-play-soft-neutrals\/"},"modified":"2026-04-09T15:49:12","modified_gmt":"2026-04-09T12:49:12","slug":"plasto-sand-set-for-water-play-soft-neutrals","status":"publish","type":"product","link":"https:\/\/games.tactic.net\/sv\/tuote\/plasto-sand-set-for-water-play-soft-neutrals\/","title":{"rendered":"PLASTO Sand Set for Water Play Soft Neutrals"},"content":{"rendered":"<p>Special Edition &#8211; Soft Neutrals! Lugna och avslappnande f\u00e4rger i mjuka naturliga nyanser. Plasto sandset i h\u00f6g kvalitet inneh\u00e5ller 6 delar: hink med pip, b\u00e5t, spade och tre sandformar. Volymen p\u00e5 hinken 1,4 L. L\u00e4ngden p\u00e5 b\u00e5ten 27 cm. L\u00e4ngden p\u00e5 spaden 25 cm.  \u00c5ldersrekommendation 1+.  Tillverkad i Finland.<\/p>\n","protected":false},"excerpt":{"rendered":"<p>Special Edition &#8211; Soft Neutrals! Lugna och avslappnande f\u00e4rger i mjuka naturliga nyanser. Plasto sandset i h\u00f6g kvalitet inneh\u00e5ller 6 delar: hink med pip, b\u00e5t, spade och tre sandformar. Volymen p\u00e5 hinken 1,4 L. L\u00e4ngden p\u00e5 b\u00e5ten 27 cm. L\u00e4ngden p\u00e5 spaden 25 cm. \u00c5ldersrekommendation 1+. Tillverkad i Finland.<\/p>\n","protected":false},"featured_media":0,"template":"","meta":{"content-type":"","_monsterinsights_skip_tracking":false,"_monsterinsights_sitenote_active":false,"_monsterinsights_sitenote_note":"","_monsterinsights_sitenote_category":0},"product_brand":[],"product_cat":[2305],"product_tag":[],"brand":[{"id":2317,"name":"Plasto","slug":"plasto-5"}],"target-group":[],"discontinued":[],"class_list":{"0":"post-1368999","1":"product","2":"type-product","3":"status-publish","5":"product_cat-plasto","6":"brand-plasto-5","8":"first","9":"instock","10":"taxable","11":"shipping-taxable","12":"product-type-simple"},"aioseo_notices":[],"_links":{"self":[{"href":"https:\/\/games.tactic.net\/sv\/wp-json\/wp\/v2\/product\/1368999","targetHints":{"allow":["GET"]}}],"collection":[{"href":"https:\/\/games.tactic.net\/sv\/wp-json\/wp\/v2\/product"}],"about":[{"href":"https:\/\/games.tactic.net\/sv\/wp-json\/wp\/v2\/types\/product"}],"wp:attachment":[{"href":"https:\/\/games.tactic.net\/sv\/wp-json\/wp\/v2\/media?parent=1368999"}],"wp:term":[{"taxonomy":"product_brand","embeddable":true,"href":"https:\/\/games.tactic.net\/sv\/wp-json\/wp\/v2\/product_brand?post=1368999"},{"taxonomy":"product_cat","embeddable":true,"href":"https:\/\/games.tactic.net\/sv\/wp-json\/wp\/v2\/product_cat?post=1368999"},{"taxonomy":"product_tag","embeddable":true,"href":"https:\/\/games.tactic.net\/sv\/wp-json\/wp\/v2\/product_tag?post=1368999"},{"taxonomy":"brand","embeddable":true,"href":"https:\/\/games.tactic.net\/sv\/wp-json\/wp\/v2\/brand?post=1368999"},{"taxonomy":"target-group","embeddable":true,"href":"https:\/\/games.tactic.net\/sv\/wp-json\/wp\/v2\/target-group?post=1368999"},{"taxonomy":"discontinued","embeddable":true,"href":"https:\/\/games.tactic.net\/sv\/wp-json\/wp\/v2\/discontinued?post=1368999"}],"curies":[{"name":"wp","href":"https:\/\/api.w.org\/{rel}","templated":true}]}}