{"id":1368997,"date":"2026-01-16T16:19:29","date_gmt":"2026-01-16T14:19:29","guid":{"rendered":"https:\/\/games.tactic.net\/tuote\/plasto-wheelbarrow-set-soft-neutrals\/"},"modified":"2026-01-16T16:19:29","modified_gmt":"2026-01-16T14:19:29","slug":"plasto-wheelbarrow-set-soft-neutrals","status":"publish","type":"product","link":"https:\/\/games.tactic.net\/sv\/tuote\/plasto-wheelbarrow-set-soft-neutrals\/","title":{"rendered":"PLASTO Wheelbarrow Set Soft Neutrals"},"content":{"rendered":"<p>Special Edition &#8211; Soft Neutrals! Lugna och avslappnande f\u00e4rger i mjuka naturliga nyanser. Plasto skottk\u00e4rrsset av h\u00f6g kvalitet inneh\u00e5ller ut\u00f6ver skottk\u00e4rran ocks\u00e5 hink, spade och tre sandformar. L\u00e4ngden p\u00e5 skottk\u00e4rran 56 cm. H\u00f6jden p\u00e5 skottk\u00e4rran 25 cm. Volymen p\u00e5 hinken 1,4 L. L\u00e4ngden p\u00e5 spaden 25 cm. \u00c5ldersrekommendation 1+. Tillverkad i Finland.<\/p>\n","protected":false},"excerpt":{"rendered":"<p>Special Edition &#8211; Soft Neutrals! Lugna och avslappnande f\u00e4rger i mjuka naturliga nyanser. Plasto skottk\u00e4rrsset av h\u00f6g kvalitet inneh\u00e5ller ut\u00f6ver skottk\u00e4rran ocks\u00e5 hink, spade och tre sandformar. L\u00e4ngden p\u00e5 skottk\u00e4rran 56 cm. H\u00f6jden p\u00e5 skottk\u00e4rran 25 cm. Volymen p\u00e5 hinken 1,4 L. L\u00e4ngden p\u00e5 spaden 25 cm. \u00c5ldersrekommendation 1+. Tillverkad i Finland.<\/p>\n","protected":false},"featured_media":0,"template":"","meta":{"content-type":"","_monsterinsights_skip_tracking":false,"_monsterinsights_sitenote_active":false,"_monsterinsights_sitenote_note":"","_monsterinsights_sitenote_category":0},"product_brand":[],"product_cat":[2305],"product_tag":[],"brand":[],"target-group":[],"discontinued":[],"class_list":{"0":"post-1368997","1":"product","2":"type-product","3":"status-publish","5":"product_cat-plasto","7":"first","8":"outofstock","9":"taxable","10":"shipping-taxable","11":"product-type-simple"},"aioseo_notices":[],"_links":{"self":[{"href":"https:\/\/games.tactic.net\/sv\/wp-json\/wp\/v2\/product\/1368997","targetHints":{"allow":["GET"]}}],"collection":[{"href":"https:\/\/games.tactic.net\/sv\/wp-json\/wp\/v2\/product"}],"about":[{"href":"https:\/\/games.tactic.net\/sv\/wp-json\/wp\/v2\/types\/product"}],"wp:attachment":[{"href":"https:\/\/games.tactic.net\/sv\/wp-json\/wp\/v2\/media?parent=1368997"}],"wp:term":[{"taxonomy":"product_brand","embeddable":true,"href":"https:\/\/games.tactic.net\/sv\/wp-json\/wp\/v2\/product_brand?post=1368997"},{"taxonomy":"product_cat","embeddable":true,"href":"https:\/\/games.tactic.net\/sv\/wp-json\/wp\/v2\/product_cat?post=1368997"},{"taxonomy":"product_tag","embeddable":true,"href":"https:\/\/games.tactic.net\/sv\/wp-json\/wp\/v2\/product_tag?post=1368997"},{"taxonomy":"brand","embeddable":true,"href":"https:\/\/games.tactic.net\/sv\/wp-json\/wp\/v2\/brand?post=1368997"},{"taxonomy":"target-group","embeddable":true,"href":"https:\/\/games.tactic.net\/sv\/wp-json\/wp\/v2\/target-group?post=1368997"},{"taxonomy":"discontinued","embeddable":true,"href":"https:\/\/games.tactic.net\/sv\/wp-json\/wp\/v2\/discontinued?post=1368997"}],"curies":[{"name":"wp","href":"https:\/\/api.w.org\/{rel}","templated":true}]}}