{"id":1368995,"date":"2026-01-16T16:18:18","date_gmt":"2026-01-16T14:18:18","guid":{"rendered":"https:\/\/games.tactic.net\/tuote\/plasto-sand-set-bioplastic-im-green\/"},"modified":"2026-04-09T15:49:04","modified_gmt":"2026-04-09T12:49:04","slug":"plasto-sand-set-bioplastic-im-green","status":"publish","type":"product","link":"https:\/\/games.tactic.net\/sv\/tuote\/plasto-sand-set-bioplastic-im-green\/","title":{"rendered":"PLASTO Sand Set Bioplastic I\u00b4m Green"},"content":{"rendered":"<p>Ett milj\u00f6v\u00e4nligt val! H\u00e5llbar Plasto set i bioplast inneh\u00e5ller 6 delar av h\u00f6g kvalitet: hink med pip, spade, kratta och tre sandformar.  Plasten i den h\u00e4r leksaken \u00e4r tillverkad av sockerr\u00f6r. \u00a0Volymen p\u00e5 hinken 1,4 L. L\u00e4ngden p\u00e5 spaden 25 cm.\u00a0 L\u00e4ngden p\u00e5 krattan 22 cm. \u00c5ldersrekommendation 1+. Tillverkat i Finland.<\/p>\n","protected":false},"excerpt":{"rendered":"<p>Ett milj\u00f6v\u00e4nligt val! H\u00e5llbar Plasto set i bioplast inneh\u00e5ller 6 delar av h\u00f6g kvalitet: hink med pip, spade, kratta och tre sandformar. Plasten i den h\u00e4r leksaken \u00e4r tillverkad av sockerr\u00f6r. \u00a0Volymen p\u00e5 hinken 1,4 L. L\u00e4ngden p\u00e5 spaden 25 cm.\u00a0 L\u00e4ngden p\u00e5 krattan 22 cm. \u00c5ldersrekommendation 1+. Tillverkat i Finland.<\/p>\n","protected":false},"featured_media":0,"template":"","meta":{"content-type":"","_monsterinsights_skip_tracking":false,"_monsterinsights_sitenote_active":false,"_monsterinsights_sitenote_note":"","_monsterinsights_sitenote_category":0},"product_brand":[],"product_cat":[2305],"product_tag":[],"brand":[{"id":2317,"name":"Plasto","slug":"plasto-5"}],"target-group":[],"discontinued":[],"class_list":{"0":"post-1368995","1":"product","2":"type-product","3":"status-publish","5":"product_cat-plasto","6":"brand-plasto-5","8":"first","9":"instock","10":"taxable","11":"shipping-taxable","12":"product-type-simple"},"aioseo_notices":[],"_links":{"self":[{"href":"https:\/\/games.tactic.net\/sv\/wp-json\/wp\/v2\/product\/1368995","targetHints":{"allow":["GET"]}}],"collection":[{"href":"https:\/\/games.tactic.net\/sv\/wp-json\/wp\/v2\/product"}],"about":[{"href":"https:\/\/games.tactic.net\/sv\/wp-json\/wp\/v2\/types\/product"}],"wp:attachment":[{"href":"https:\/\/games.tactic.net\/sv\/wp-json\/wp\/v2\/media?parent=1368995"}],"wp:term":[{"taxonomy":"product_brand","embeddable":true,"href":"https:\/\/games.tactic.net\/sv\/wp-json\/wp\/v2\/product_brand?post=1368995"},{"taxonomy":"product_cat","embeddable":true,"href":"https:\/\/games.tactic.net\/sv\/wp-json\/wp\/v2\/product_cat?post=1368995"},{"taxonomy":"product_tag","embeddable":true,"href":"https:\/\/games.tactic.net\/sv\/wp-json\/wp\/v2\/product_tag?post=1368995"},{"taxonomy":"brand","embeddable":true,"href":"https:\/\/games.tactic.net\/sv\/wp-json\/wp\/v2\/brand?post=1368995"},{"taxonomy":"target-group","embeddable":true,"href":"https:\/\/games.tactic.net\/sv\/wp-json\/wp\/v2\/target-group?post=1368995"},{"taxonomy":"discontinued","embeddable":true,"href":"https:\/\/games.tactic.net\/sv\/wp-json\/wp\/v2\/discontinued?post=1368995"}],"curies":[{"name":"wp","href":"https:\/\/api.w.org\/{rel}","templated":true}]}}