{"id":1368991,"date":"2026-01-16T16:17:50","date_gmt":"2026-01-16T14:17:50","guid":{"rendered":"https:\/\/games.tactic.net\/tuote\/plasto-mandjur-fran-gurklandet-gul\/"},"modified":"2026-04-09T15:48:48","modified_gmt":"2026-04-09T12:48:48","slug":"plasto-mandjur-fran-gurklandet-gul","status":"publish","type":"product","link":"https:\/\/games.tactic.net\/sv\/tuote\/plasto-mandjur-fran-gurklandet-gul\/","title":{"rendered":"Plasto M\u00e5ndjur fr\u00e5n Gurklandet gul"},"content":{"rendered":"<p>Jag h\u00f6rde rykten om att ni har saknat mig! Jag \u00e4r M\u00e5ndjuret fr\u00e5n Gurklandet, ni kan kalla mig Jeccu. Jag \u00e4r redo f\u00f6r nya \u00e4ventyr \u2013 \u00e4r du? N\u00e4r du \u00e5ker p\u00e5 utflykter med mig, sitter du bekv\u00e4mt. Sitth\u00f6jden \u00e4r 22 cm, precis l\u00e4mplig f\u00f6r sm\u00e5 passagerare. Jag \u00e4r en riktig klassiker tillverkad i Finland. Och nu \u00e4r jag redo f\u00f6r nya \u00e4ventyr. Ska vi \u00e5ka tillsammans? L\u00e4ngd 58,5 cm. \u00c5ldersrekommendation 1+.<\/p>\n","protected":false},"excerpt":{"rendered":"<p>Jag h\u00f6rde rykten om att ni har saknat mig! Jag \u00e4r M\u00e5ndjuret fr\u00e5n Gurklandet, ni kan kalla mig Jeccu. Jag \u00e4r redo f\u00f6r nya \u00e4ventyr \u2013 \u00e4r du? N\u00e4r du \u00e5ker p\u00e5 utflykter med mig, sitter du bekv\u00e4mt. Sitth\u00f6jden \u00e4r 22 cm, precis l\u00e4mplig f\u00f6r sm\u00e5 passagerare. Jag \u00e4r en riktig klassiker tillverkad i Finland. [&hellip;]<\/p>\n","protected":false},"featured_media":0,"template":"","meta":{"content-type":"","_monsterinsights_skip_tracking":false,"_monsterinsights_sitenote_active":false,"_monsterinsights_sitenote_note":"","_monsterinsights_sitenote_category":0},"product_brand":[],"product_cat":[2305],"product_tag":[],"brand":[{"id":2358,"name":"Moonimal","slug":"moonimal"},{"id":2317,"name":"Plasto","slug":"plasto-5"}],"target-group":[],"discontinued":[],"class_list":{"0":"post-1368991","1":"product","2":"type-product","3":"status-publish","5":"product_cat-plasto","6":"brand-moonimal","7":"brand-plasto-5","9":"first","10":"instock","11":"taxable","12":"shipping-taxable","13":"product-type-simple"},"aioseo_notices":[],"_links":{"self":[{"href":"https:\/\/games.tactic.net\/sv\/wp-json\/wp\/v2\/product\/1368991","targetHints":{"allow":["GET"]}}],"collection":[{"href":"https:\/\/games.tactic.net\/sv\/wp-json\/wp\/v2\/product"}],"about":[{"href":"https:\/\/games.tactic.net\/sv\/wp-json\/wp\/v2\/types\/product"}],"wp:attachment":[{"href":"https:\/\/games.tactic.net\/sv\/wp-json\/wp\/v2\/media?parent=1368991"}],"wp:term":[{"taxonomy":"product_brand","embeddable":true,"href":"https:\/\/games.tactic.net\/sv\/wp-json\/wp\/v2\/product_brand?post=1368991"},{"taxonomy":"product_cat","embeddable":true,"href":"https:\/\/games.tactic.net\/sv\/wp-json\/wp\/v2\/product_cat?post=1368991"},{"taxonomy":"product_tag","embeddable":true,"href":"https:\/\/games.tactic.net\/sv\/wp-json\/wp\/v2\/product_tag?post=1368991"},{"taxonomy":"brand","embeddable":true,"href":"https:\/\/games.tactic.net\/sv\/wp-json\/wp\/v2\/brand?post=1368991"},{"taxonomy":"target-group","embeddable":true,"href":"https:\/\/games.tactic.net\/sv\/wp-json\/wp\/v2\/target-group?post=1368991"},{"taxonomy":"discontinued","embeddable":true,"href":"https:\/\/games.tactic.net\/sv\/wp-json\/wp\/v2\/discontinued?post=1368991"}],"curies":[{"name":"wp","href":"https:\/\/api.w.org\/{rel}","templated":true}]}}