{"id":1368966,"date":"2026-01-15T08:25:25","date_gmt":"2026-01-15T06:25:25","guid":{"rendered":"https:\/\/games.tactic.net\/tuote\/hot-wheels-sticker-activity-set\/"},"modified":"2026-01-15T08:25:25","modified_gmt":"2026-01-15T06:25:25","slug":"hot-wheels-sticker-activity-set","status":"publish","type":"product","link":"https:\/\/games.tactic.net\/sv\/tuote\/hot-wheels-sticker-activity-set\/","title":{"rendered":"Hot Wheels Sticker Craft Activity Set"},"content":{"rendered":"<p>Snabba m\u00e5larbilder och stiliga klisterm\u00e4rken \u2013 detta kommer garanterat f\u00e5 varje Hot Wheels-fan att le! Med detta set kan man pyssla l\u00e4nge. Inneh\u00e5ller m\u00e5larbilder, Hot Wheels-tema-klisterm\u00e4rken och tre tuschpennor.<\/p>\n","protected":false},"excerpt":{"rendered":"<p>Snabba m\u00e5larbilder och stiliga klisterm\u00e4rken \u2013 detta kommer garanterat f\u00e5 varje Hot Wheels-fan att le! Med detta set kan man pyssla l\u00e4nge. Inneh\u00e5ller m\u00e5larbilder, Hot Wheels-tema-klisterm\u00e4rken och tre tuschpennor.<\/p>\n","protected":false},"featured_media":0,"template":"","meta":{"content-type":"","_monsterinsights_skip_tracking":false,"_monsterinsights_sitenote_active":false,"_monsterinsights_sitenote_note":"","_monsterinsights_sitenote_category":0},"product_brand":[],"product_cat":[2161],"product_tag":[],"brand":[],"target-group":[],"discontinued":[],"class_list":{"0":"post-1368966","1":"product","2":"type-product","3":"status-publish","5":"product_cat-pyssel-och-hantverksbok","7":"first","8":"instock","9":"taxable","10":"shipping-taxable","11":"product-type-simple"},"aioseo_notices":[],"_links":{"self":[{"href":"https:\/\/games.tactic.net\/sv\/wp-json\/wp\/v2\/product\/1368966","targetHints":{"allow":["GET"]}}],"collection":[{"href":"https:\/\/games.tactic.net\/sv\/wp-json\/wp\/v2\/product"}],"about":[{"href":"https:\/\/games.tactic.net\/sv\/wp-json\/wp\/v2\/types\/product"}],"wp:attachment":[{"href":"https:\/\/games.tactic.net\/sv\/wp-json\/wp\/v2\/media?parent=1368966"}],"wp:term":[{"taxonomy":"product_brand","embeddable":true,"href":"https:\/\/games.tactic.net\/sv\/wp-json\/wp\/v2\/product_brand?post=1368966"},{"taxonomy":"product_cat","embeddable":true,"href":"https:\/\/games.tactic.net\/sv\/wp-json\/wp\/v2\/product_cat?post=1368966"},{"taxonomy":"product_tag","embeddable":true,"href":"https:\/\/games.tactic.net\/sv\/wp-json\/wp\/v2\/product_tag?post=1368966"},{"taxonomy":"brand","embeddable":true,"href":"https:\/\/games.tactic.net\/sv\/wp-json\/wp\/v2\/brand?post=1368966"},{"taxonomy":"target-group","embeddable":true,"href":"https:\/\/games.tactic.net\/sv\/wp-json\/wp\/v2\/target-group?post=1368966"},{"taxonomy":"discontinued","embeddable":true,"href":"https:\/\/games.tactic.net\/sv\/wp-json\/wp\/v2\/discontinued?post=1368966"}],"curies":[{"name":"wp","href":"https:\/\/api.w.org\/{rel}","templated":true}]}}