{"id":1368962,"date":"2026-01-15T08:25:07","date_gmt":"2026-01-15T06:25:07","guid":{"rendered":"https:\/\/games.tactic.net\/tuote\/barbie-sticker-activity-set\/"},"modified":"2026-01-15T08:25:07","modified_gmt":"2026-01-15T06:25:07","slug":"barbie-sticker-activity-set","status":"publish","type":"product","link":"https:\/\/games.tactic.net\/sv\/tuote\/barbie-sticker-activity-set\/","title":{"rendered":"Barbie Sticker Craft Activity Set"},"content":{"rendered":"<p>Barbie-tema pysselset med klisterm\u00e4rken inneh\u00e5ller tv\u00e5 papp-Barbie-dockor som du kan kl\u00e4 i fantastiska klisterm\u00e4rkeskl\u00e4der. Setet inneh\u00e5ller \u00e4ven en m\u00e5larbild som du kan dekorera med temaanpassade klisterm\u00e4rken och de tre medf\u00f6ljande tuschpennorna i fina f\u00e4rger.<\/p>\n","protected":false},"excerpt":{"rendered":"<p>Barbie-tema pysselset med klisterm\u00e4rken inneh\u00e5ller tv\u00e5 papp-Barbie-dockor som du kan kl\u00e4 i fantastiska klisterm\u00e4rkeskl\u00e4der. Setet inneh\u00e5ller \u00e4ven en m\u00e5larbild som du kan dekorera med temaanpassade klisterm\u00e4rken och de tre medf\u00f6ljande tuschpennorna i fina f\u00e4rger.<\/p>\n","protected":false},"featured_media":0,"template":"","meta":{"content-type":"","_monsterinsights_skip_tracking":false,"_monsterinsights_sitenote_active":false,"_monsterinsights_sitenote_note":"","_monsterinsights_sitenote_category":0},"product_brand":[],"product_cat":[2161],"product_tag":[],"brand":[],"target-group":[],"discontinued":[],"class_list":{"0":"post-1368962","1":"product","2":"type-product","3":"status-publish","5":"product_cat-pyssel-och-hantverksbok","7":"first","8":"instock","9":"taxable","10":"shipping-taxable","11":"product-type-simple"},"aioseo_notices":[],"_links":{"self":[{"href":"https:\/\/games.tactic.net\/sv\/wp-json\/wp\/v2\/product\/1368962","targetHints":{"allow":["GET"]}}],"collection":[{"href":"https:\/\/games.tactic.net\/sv\/wp-json\/wp\/v2\/product"}],"about":[{"href":"https:\/\/games.tactic.net\/sv\/wp-json\/wp\/v2\/types\/product"}],"wp:attachment":[{"href":"https:\/\/games.tactic.net\/sv\/wp-json\/wp\/v2\/media?parent=1368962"}],"wp:term":[{"taxonomy":"product_brand","embeddable":true,"href":"https:\/\/games.tactic.net\/sv\/wp-json\/wp\/v2\/product_brand?post=1368962"},{"taxonomy":"product_cat","embeddable":true,"href":"https:\/\/games.tactic.net\/sv\/wp-json\/wp\/v2\/product_cat?post=1368962"},{"taxonomy":"product_tag","embeddable":true,"href":"https:\/\/games.tactic.net\/sv\/wp-json\/wp\/v2\/product_tag?post=1368962"},{"taxonomy":"brand","embeddable":true,"href":"https:\/\/games.tactic.net\/sv\/wp-json\/wp\/v2\/brand?post=1368962"},{"taxonomy":"target-group","embeddable":true,"href":"https:\/\/games.tactic.net\/sv\/wp-json\/wp\/v2\/target-group?post=1368962"},{"taxonomy":"discontinued","embeddable":true,"href":"https:\/\/games.tactic.net\/sv\/wp-json\/wp\/v2\/discontinued?post=1368962"}],"curies":[{"name":"wp","href":"https:\/\/api.w.org\/{rel}","templated":true}]}}