{"id":1368958,"date":"2026-01-15T08:24:49","date_gmt":"2026-01-15T06:24:49","guid":{"rendered":"https:\/\/games.tactic.net\/tuote\/barbie-bumper-activity-set\/"},"modified":"2026-01-15T08:24:49","modified_gmt":"2026-01-15T06:24:49","slug":"barbie-bumper-activity-set","status":"publish","type":"product","link":"https:\/\/games.tactic.net\/sv\/tuote\/barbie-bumper-activity-set\/","title":{"rendered":"Barbie Bumper Activity Set"},"content":{"rendered":"<p>Fantastisk f\u00e4rgl\u00e4ggningsbar Camper-stil l\u00e5da med b\u00e4rhandtag inneh\u00e5ller 300 delar f\u00f6r att skapa fantastiska Barbie-projekt! Med pennor, f\u00e4rgpennor, washi-tejp, coola bl\u00e4ckst\u00e4mplar, klisterp\u00e4rlor, pompoms, klisterm\u00e4rken p\u00e5 rulle, en klisterbok och mycket mer! Inkluderar \u00e4ven mini-pappersdockor med papperkl\u00e4der att f\u00e4rgl\u00e4gga och dekorera. Du kan visa upp dem p\u00e5 den medf\u00f6ljande pappens &#8217;modecatwalk&#8217;-bakgrunden! Vad kommer du att skapa? 300 delar Barbie-tema aktivitetsset med pappdockor och modecatwalk inkluderat! Levereras i en Barbie Camper-temal\u00e5da som du kan f\u00e4rgl\u00e4gga sj\u00e4lv!<\/p>\n","protected":false},"excerpt":{"rendered":"<p>Fantastisk f\u00e4rgl\u00e4ggningsbar Camper-stil l\u00e5da med b\u00e4rhandtag inneh\u00e5ller 300 delar f\u00f6r att skapa fantastiska Barbie-projekt! Med pennor, f\u00e4rgpennor, washi-tejp, coola bl\u00e4ckst\u00e4mplar, klisterp\u00e4rlor, pompoms, klisterm\u00e4rken p\u00e5 rulle, en klisterbok och mycket mer! Inkluderar \u00e4ven mini-pappersdockor med papperkl\u00e4der att f\u00e4rgl\u00e4gga och dekorera. Du kan visa upp dem p\u00e5 den medf\u00f6ljande pappens &#8217;modecatwalk&#8217;-bakgrunden! Vad kommer du att skapa? 300 [&hellip;]<\/p>\n","protected":false},"featured_media":0,"template":"","meta":{"content-type":"","_monsterinsights_skip_tracking":false,"_monsterinsights_sitenote_active":false,"_monsterinsights_sitenote_note":"","_monsterinsights_sitenote_category":0},"product_brand":[],"product_cat":[2161],"product_tag":[],"brand":[],"target-group":[],"discontinued":[],"class_list":{"0":"post-1368958","1":"product","2":"type-product","3":"status-publish","5":"product_cat-pyssel-och-hantverksbok","7":"first","8":"instock","9":"taxable","10":"shipping-taxable","11":"product-type-simple"},"aioseo_notices":[],"_links":{"self":[{"href":"https:\/\/games.tactic.net\/sv\/wp-json\/wp\/v2\/product\/1368958","targetHints":{"allow":["GET"]}}],"collection":[{"href":"https:\/\/games.tactic.net\/sv\/wp-json\/wp\/v2\/product"}],"about":[{"href":"https:\/\/games.tactic.net\/sv\/wp-json\/wp\/v2\/types\/product"}],"wp:attachment":[{"href":"https:\/\/games.tactic.net\/sv\/wp-json\/wp\/v2\/media?parent=1368958"}],"wp:term":[{"taxonomy":"product_brand","embeddable":true,"href":"https:\/\/games.tactic.net\/sv\/wp-json\/wp\/v2\/product_brand?post=1368958"},{"taxonomy":"product_cat","embeddable":true,"href":"https:\/\/games.tactic.net\/sv\/wp-json\/wp\/v2\/product_cat?post=1368958"},{"taxonomy":"product_tag","embeddable":true,"href":"https:\/\/games.tactic.net\/sv\/wp-json\/wp\/v2\/product_tag?post=1368958"},{"taxonomy":"brand","embeddable":true,"href":"https:\/\/games.tactic.net\/sv\/wp-json\/wp\/v2\/brand?post=1368958"},{"taxonomy":"target-group","embeddable":true,"href":"https:\/\/games.tactic.net\/sv\/wp-json\/wp\/v2\/target-group?post=1368958"},{"taxonomy":"discontinued","embeddable":true,"href":"https:\/\/games.tactic.net\/sv\/wp-json\/wp\/v2\/discontinued?post=1368958"}],"curies":[{"name":"wp","href":"https:\/\/api.w.org\/{rel}","templated":true}]}}