{"id":1368954,"date":"2026-01-15T08:24:29","date_gmt":"2026-01-15T06:24:29","guid":{"rendered":"https:\/\/games.tactic.net\/tuote\/hot-wheels-bumper-activity-set\/"},"modified":"2026-01-15T08:24:29","modified_gmt":"2026-01-15T06:24:29","slug":"hot-wheels-bumper-activity-set","status":"publish","type":"product","link":"https:\/\/games.tactic.net\/sv\/tuote\/hot-wheels-bumper-activity-set\/","title":{"rendered":"Hot Wheels Bumper Activity Set"},"content":{"rendered":"<p>Bladez Hot Wheels Bumper stora pysselset lever verkligen upp till sitt namn \u2013 det inneh\u00e5ller \u00f6ver 250 delar! I denna Hot Wheels Super Van-formade v\u00e4ska finns allt en pysselentusiast beh\u00f6ver. Setet inneh\u00e5ller bland annat tuschpennor, olika Hot Wheels-tema-klisterm\u00e4rken, skumbilfigurer, washi-tejp, pompoms, m\u00e5larbilder och s\u00e5 klart de f\u00e4rgl\u00e4ggningsbara pappbilarna samt ett \u201cgarage\u201d.<\/p>\n","protected":false},"excerpt":{"rendered":"<p>Bladez Hot Wheels Bumper stora pysselset lever verkligen upp till sitt namn \u2013 det inneh\u00e5ller \u00f6ver 250 delar! I denna Hot Wheels Super Van-formade v\u00e4ska finns allt en pysselentusiast beh\u00f6ver. Setet inneh\u00e5ller bland annat tuschpennor, olika Hot Wheels-tema-klisterm\u00e4rken, skumbilfigurer, washi-tejp, pompoms, m\u00e5larbilder och s\u00e5 klart de f\u00e4rgl\u00e4ggningsbara pappbilarna samt ett \u201cgarage\u201d.<\/p>\n","protected":false},"featured_media":0,"template":"","meta":{"content-type":"","_monsterinsights_skip_tracking":false,"_monsterinsights_sitenote_active":false,"_monsterinsights_sitenote_note":"","_monsterinsights_sitenote_category":0},"product_brand":[],"product_cat":[2161],"product_tag":[],"brand":[],"target-group":[],"discontinued":[],"class_list":{"0":"post-1368954","1":"product","2":"type-product","3":"status-publish","5":"product_cat-pyssel-och-hantverksbok","7":"first","8":"instock","9":"taxable","10":"shipping-taxable","11":"product-type-simple"},"aioseo_notices":[],"_links":{"self":[{"href":"https:\/\/games.tactic.net\/sv\/wp-json\/wp\/v2\/product\/1368954","targetHints":{"allow":["GET"]}}],"collection":[{"href":"https:\/\/games.tactic.net\/sv\/wp-json\/wp\/v2\/product"}],"about":[{"href":"https:\/\/games.tactic.net\/sv\/wp-json\/wp\/v2\/types\/product"}],"wp:attachment":[{"href":"https:\/\/games.tactic.net\/sv\/wp-json\/wp\/v2\/media?parent=1368954"}],"wp:term":[{"taxonomy":"product_brand","embeddable":true,"href":"https:\/\/games.tactic.net\/sv\/wp-json\/wp\/v2\/product_brand?post=1368954"},{"taxonomy":"product_cat","embeddable":true,"href":"https:\/\/games.tactic.net\/sv\/wp-json\/wp\/v2\/product_cat?post=1368954"},{"taxonomy":"product_tag","embeddable":true,"href":"https:\/\/games.tactic.net\/sv\/wp-json\/wp\/v2\/product_tag?post=1368954"},{"taxonomy":"brand","embeddable":true,"href":"https:\/\/games.tactic.net\/sv\/wp-json\/wp\/v2\/brand?post=1368954"},{"taxonomy":"target-group","embeddable":true,"href":"https:\/\/games.tactic.net\/sv\/wp-json\/wp\/v2\/target-group?post=1368954"},{"taxonomy":"discontinued","embeddable":true,"href":"https:\/\/games.tactic.net\/sv\/wp-json\/wp\/v2\/discontinued?post=1368954"}],"curies":[{"name":"wp","href":"https:\/\/api.w.org\/{rel}","templated":true}]}}