{"id":1368950,"date":"2026-01-15T08:24:11","date_gmt":"2026-01-15T06:24:11","guid":{"rendered":"https:\/\/games.tactic.net\/tuote\/barbie-maker-kitz-mega-marker-set\/"},"modified":"2026-01-15T08:24:11","modified_gmt":"2026-01-15T06:24:11","slug":"barbie-maker-kitz-mega-marker-set","status":"publish","type":"product","link":"https:\/\/games.tactic.net\/sv\/tuote\/barbie-maker-kitz-mega-marker-set\/","title":{"rendered":"Barbie Dreamhouse Activity Set"},"content":{"rendered":"<p>Detta dr\u00f6m-pysselset f\u00f6r varje Barbie-fan ger allt som beh\u00f6vs f\u00f6r perfekta f\u00e4rgl\u00e4ggningsstunder! Med tuschpennor i n\u00e4stan alla f\u00e4rger kan du f\u00e5 de pappfigurer av Barbie att komma till liv. Setet inneh\u00e5ller \u00e4ven en liten m\u00e5larbok, ritblock, st\u00e4mplar och klisterm\u00e4rken. Allt detta i en smidig pappv\u00e4ska!<\/p>\n","protected":false},"excerpt":{"rendered":"<p>Detta dr\u00f6m-pysselset f\u00f6r varje Barbie-fan ger allt som beh\u00f6vs f\u00f6r perfekta f\u00e4rgl\u00e4ggningsstunder! Med tuschpennor i n\u00e4stan alla f\u00e4rger kan du f\u00e5 de pappfigurer av Barbie att komma till liv. Setet inneh\u00e5ller \u00e4ven en liten m\u00e5larbok, ritblock, st\u00e4mplar och klisterm\u00e4rken. Allt detta i en smidig pappv\u00e4ska!<\/p>\n","protected":false},"featured_media":0,"template":"","meta":{"content-type":"","_monsterinsights_skip_tracking":false,"_monsterinsights_sitenote_active":false,"_monsterinsights_sitenote_note":"","_monsterinsights_sitenote_category":0},"product_brand":[],"product_cat":[2161],"product_tag":[],"brand":[],"target-group":[],"discontinued":[],"class_list":{"0":"post-1368950","1":"product","2":"type-product","3":"status-publish","5":"product_cat-pyssel-och-hantverksbok","7":"first","8":"instock","9":"taxable","10":"shipping-taxable","11":"product-type-simple"},"aioseo_notices":[],"_links":{"self":[{"href":"https:\/\/games.tactic.net\/sv\/wp-json\/wp\/v2\/product\/1368950","targetHints":{"allow":["GET"]}}],"collection":[{"href":"https:\/\/games.tactic.net\/sv\/wp-json\/wp\/v2\/product"}],"about":[{"href":"https:\/\/games.tactic.net\/sv\/wp-json\/wp\/v2\/types\/product"}],"wp:attachment":[{"href":"https:\/\/games.tactic.net\/sv\/wp-json\/wp\/v2\/media?parent=1368950"}],"wp:term":[{"taxonomy":"product_brand","embeddable":true,"href":"https:\/\/games.tactic.net\/sv\/wp-json\/wp\/v2\/product_brand?post=1368950"},{"taxonomy":"product_cat","embeddable":true,"href":"https:\/\/games.tactic.net\/sv\/wp-json\/wp\/v2\/product_cat?post=1368950"},{"taxonomy":"product_tag","embeddable":true,"href":"https:\/\/games.tactic.net\/sv\/wp-json\/wp\/v2\/product_tag?post=1368950"},{"taxonomy":"brand","embeddable":true,"href":"https:\/\/games.tactic.net\/sv\/wp-json\/wp\/v2\/brand?post=1368950"},{"taxonomy":"target-group","embeddable":true,"href":"https:\/\/games.tactic.net\/sv\/wp-json\/wp\/v2\/target-group?post=1368950"},{"taxonomy":"discontinued","embeddable":true,"href":"https:\/\/games.tactic.net\/sv\/wp-json\/wp\/v2\/discontinued?post=1368950"}],"curies":[{"name":"wp","href":"https:\/\/api.w.org\/{rel}","templated":true}]}}