{"id":1368930,"date":"2026-01-12T13:08:30","date_gmt":"2026-01-12T11:08:30","guid":{"rendered":"https:\/\/games.tactic.net\/tuote\/penol-850-10-pcs-box-2-5mm-whiteboard-marker-nse\/"},"modified":"2026-01-12T13:08:30","modified_gmt":"2026-01-12T11:08:30","slug":"penol-850-10-pcs-box-2-5mm-whiteboard-marker-nse","status":"publish","type":"product","link":"https:\/\/games.tactic.net\/sv\/tuote\/penol-850-10-pcs-box-2-5mm-whiteboard-marker-nse\/","title":{"rendered":"PENOL 850 10 PCS BOX 2-5MM WHITEBOARD-MARKER NSE"},"content":{"rendered":"<p>Penol 850 Whiteboard Markers snedskuren (chisel).<br \/>\n10 whiteboardpennor i f\u00e4rger som livar upp en presentation eller familjens anslagstavla. Pennorna \u00e4r luktfria och enkla att torka bort med en torr trasa eller tavelsvamp. Pennspetsen \u00e4r en 2\u20135 mm snedskuren mejselspets som g\u00f6r det enkelt att skriva b\u00e5de stort och litet.<\/p>\n","protected":false},"excerpt":{"rendered":"<p>Penol 850 Whiteboard Markers snedskuren (chisel). 10 whiteboardpennor i f\u00e4rger som livar upp en presentation eller familjens anslagstavla. Pennorna \u00e4r luktfria och enkla att torka bort med en torr trasa eller tavelsvamp. Pennspetsen \u00e4r en 2\u20135 mm snedskuren mejselspets som g\u00f6r det enkelt att skriva b\u00e5de stort och litet.<\/p>\n","protected":false},"featured_media":0,"template":"","meta":{"content-type":"","_monsterinsights_skip_tracking":false,"_monsterinsights_sitenote_active":false,"_monsterinsights_sitenote_note":"","_monsterinsights_sitenote_category":0},"product_brand":[],"product_cat":[2157],"product_tag":[],"brand":[],"target-group":[],"discontinued":[],"class_list":{"0":"post-1368930","1":"product","2":"type-product","3":"status-publish","5":"product_cat-skrivning","7":"first","8":"instock","9":"taxable","10":"shipping-taxable","11":"product-type-simple"},"aioseo_notices":[],"_links":{"self":[{"href":"https:\/\/games.tactic.net\/sv\/wp-json\/wp\/v2\/product\/1368930","targetHints":{"allow":["GET"]}}],"collection":[{"href":"https:\/\/games.tactic.net\/sv\/wp-json\/wp\/v2\/product"}],"about":[{"href":"https:\/\/games.tactic.net\/sv\/wp-json\/wp\/v2\/types\/product"}],"wp:attachment":[{"href":"https:\/\/games.tactic.net\/sv\/wp-json\/wp\/v2\/media?parent=1368930"}],"wp:term":[{"taxonomy":"product_brand","embeddable":true,"href":"https:\/\/games.tactic.net\/sv\/wp-json\/wp\/v2\/product_brand?post=1368930"},{"taxonomy":"product_cat","embeddable":true,"href":"https:\/\/games.tactic.net\/sv\/wp-json\/wp\/v2\/product_cat?post=1368930"},{"taxonomy":"product_tag","embeddable":true,"href":"https:\/\/games.tactic.net\/sv\/wp-json\/wp\/v2\/product_tag?post=1368930"},{"taxonomy":"brand","embeddable":true,"href":"https:\/\/games.tactic.net\/sv\/wp-json\/wp\/v2\/brand?post=1368930"},{"taxonomy":"target-group","embeddable":true,"href":"https:\/\/games.tactic.net\/sv\/wp-json\/wp\/v2\/target-group?post=1368930"},{"taxonomy":"discontinued","embeddable":true,"href":"https:\/\/games.tactic.net\/sv\/wp-json\/wp\/v2\/discontinued?post=1368930"}],"curies":[{"name":"wp","href":"https:\/\/api.w.org\/{rel}","templated":true}]}}