{"id":1368897,"date":"2026-01-05T11:06:44","date_gmt":"2026-01-05T09:06:44","guid":{"rendered":"https:\/\/games.tactic.net\/tuote\/picassotiles-108pc-magnetic-3-in-1-marblerace-cartiles-set\/"},"modified":"2026-01-05T11:06:44","modified_gmt":"2026-01-05T09:06:44","slug":"picassotiles-108pc-magnetic-3-in-1-marblerace-cartiles-set","status":"publish","type":"product","link":"https:\/\/games.tactic.net\/sv\/tuote\/picassotiles-108pc-magnetic-3-in-1-marblerace-cartiles-set\/","title":{"rendered":"PicassoTiles 108pc Magnetic 3-in-1 marble+race car+tiles set"},"content":{"rendered":"<p>PicassoTiles 3-in-1 Magnetic Tile, Marble Run Track and Racing Track Toy Set kombinerar sp\u00e4nningen fr\u00e5n magnetplattor, kulbanor och racingsp\u00e5r i ett innovativt paket. Setet inneh\u00e5ller 108 klara, f\u00e4rgglada och genomskinliga magnet- eller clip-in-delar som intuitivt f\u00e4ster ihop f\u00f6r lek utan frustration. B\u00e5de pojkar och flickor kan skapa varierande kulbanor och bilbanekonstruktioner och uppleva nya \u00e4ventyr med varje unik design.<\/p>\n<p>M\u00e5ngsidiga geometriska former: Inkluderar pelare, ramper, rutschbanor, trattar, U-sv\u00e4ngar och st\u00e5lviktade kulor.<\/p>\n<p>LED-bilar: Upplysta fordon som ger en extra sp\u00e4nnande dimension till leken.<\/p>\n<p>3D-kulbana och bilbanor: Kombinerar kulbanor och racingsp\u00e5r f\u00f6r flerskiktsdesigner som stimulerar barns fantasi och kreativitet.<\/p>\n<p>M\u00e5ngsidig design: Kompatibel med andra magnetiska byggblock i full storlek fr\u00e5n PicassoTiles f\u00f6r \u00e4nnu fler kreativa m\u00f6jligheter.<\/p>\n","protected":false},"excerpt":{"rendered":"<p>PicassoTiles 3-in-1 Magnetic Tile, Marble Run Track and Racing Track Toy Set kombinerar sp\u00e4nningen fr\u00e5n magnetplattor, kulbanor och racingsp\u00e5r i ett innovativt paket.<\/p>\n","protected":false},"featured_media":0,"template":"","meta":{"content-type":"","_monsterinsights_skip_tracking":false,"_monsterinsights_sitenote_active":false,"_monsterinsights_sitenote_note":"","_monsterinsights_sitenote_category":0},"product_brand":[],"product_cat":[2292],"product_tag":[],"brand":[],"target-group":[],"discontinued":[],"class_list":{"0":"post-1368897","1":"product","2":"type-product","3":"status-publish","5":"product_cat-picassotiles-leksaker","7":"first","8":"outofstock","9":"taxable","10":"shipping-taxable","11":"product-type-simple"},"aioseo_notices":[],"_links":{"self":[{"href":"https:\/\/games.tactic.net\/sv\/wp-json\/wp\/v2\/product\/1368897","targetHints":{"allow":["GET"]}}],"collection":[{"href":"https:\/\/games.tactic.net\/sv\/wp-json\/wp\/v2\/product"}],"about":[{"href":"https:\/\/games.tactic.net\/sv\/wp-json\/wp\/v2\/types\/product"}],"wp:attachment":[{"href":"https:\/\/games.tactic.net\/sv\/wp-json\/wp\/v2\/media?parent=1368897"}],"wp:term":[{"taxonomy":"product_brand","embeddable":true,"href":"https:\/\/games.tactic.net\/sv\/wp-json\/wp\/v2\/product_brand?post=1368897"},{"taxonomy":"product_cat","embeddable":true,"href":"https:\/\/games.tactic.net\/sv\/wp-json\/wp\/v2\/product_cat?post=1368897"},{"taxonomy":"product_tag","embeddable":true,"href":"https:\/\/games.tactic.net\/sv\/wp-json\/wp\/v2\/product_tag?post=1368897"},{"taxonomy":"brand","embeddable":true,"href":"https:\/\/games.tactic.net\/sv\/wp-json\/wp\/v2\/brand?post=1368897"},{"taxonomy":"target-group","embeddable":true,"href":"https:\/\/games.tactic.net\/sv\/wp-json\/wp\/v2\/target-group?post=1368897"},{"taxonomy":"discontinued","embeddable":true,"href":"https:\/\/games.tactic.net\/sv\/wp-json\/wp\/v2\/discontinued?post=1368897"}],"curies":[{"name":"wp","href":"https:\/\/api.w.org\/{rel}","templated":true}]}}