{"id":1368879,"date":"2025-12-29T15:06:49","date_gmt":"2025-12-29T13:06:49","guid":{"rendered":"https:\/\/games.tactic.net\/tuote\/tactic-yatzy-classic\/"},"modified":"2025-12-29T15:06:49","modified_gmt":"2025-12-29T13:06:49","slug":"tactic-yatzy-classic","status":"publish","type":"product","link":"https:\/\/games.tactic.net\/sv\/tuote\/tactic-yatzy-classic\/","title":{"rendered":"Tactic Yatzy Classic"},"content":{"rendered":"<p>Yatzy \u00e4r den tidl\u00f6sa t\u00e4rningsklassikern som aldrig blir gammal. Ta t\u00e4rningarna, sl\u00e5 de b\u00e4sta kombinationerna och f\u00f6rs\u00f6k f\u00e5 h\u00f6gsta m\u00f6jliga po\u00e4ng. L\u00e4tt att l\u00e4ra sig och roligt att spela om och om igen \u2013 det perfekta spelet f\u00f6r familjer, v\u00e4nner och alla som gillar lite v\u00e4nskaplig t\u00e4vling. Sl\u00e5, r\u00e4kna po\u00e4ng och se vem som blir Yatzy-m\u00e4stare!<\/p>\n","protected":false},"excerpt":{"rendered":"<p>Yatzy \u00e4r den tidl\u00f6sa t\u00e4rningsklassikern som aldrig blir gammal. Ta t\u00e4rningarna, sl\u00e5 de b\u00e4sta kombinationerna och f\u00f6rs\u00f6k f\u00e5 h\u00f6gsta m\u00f6jliga po\u00e4ng. L\u00e4tt att l\u00e4ra sig och roligt att spela om och om igen \u2013 det perfekta spelet f\u00f6r familjer, v\u00e4nner och alla som gillar lite v\u00e4nskaplig t\u00e4vling. Sl\u00e5, r\u00e4kna po\u00e4ng och se vem som blir [&hellip;]<\/p>\n","protected":false},"featured_media":0,"template":"","meta":{"content-type":"","_monsterinsights_skip_tracking":false,"_monsterinsights_sitenote_active":false,"_monsterinsights_sitenote_note":"","_monsterinsights_sitenote_category":0},"product_brand":[],"product_cat":[1563,1578],"product_tag":[1240,857],"brand":[],"target-group":[],"discontinued":[],"class_list":{"0":"post-1368879","1":"product","2":"type-product","3":"status-publish","5":"product_cat-kort-och-tarningsspel","6":"product_cat-kort-och-tarningsspel-familjespel","7":"product_tag-rakning-sv","8":"product_tag-tur","10":"first","11":"instock","12":"taxable","13":"shipping-taxable","14":"product-type-simple"},"aioseo_notices":[],"_links":{"self":[{"href":"https:\/\/games.tactic.net\/sv\/wp-json\/wp\/v2\/product\/1368879","targetHints":{"allow":["GET"]}}],"collection":[{"href":"https:\/\/games.tactic.net\/sv\/wp-json\/wp\/v2\/product"}],"about":[{"href":"https:\/\/games.tactic.net\/sv\/wp-json\/wp\/v2\/types\/product"}],"wp:attachment":[{"href":"https:\/\/games.tactic.net\/sv\/wp-json\/wp\/v2\/media?parent=1368879"}],"wp:term":[{"taxonomy":"product_brand","embeddable":true,"href":"https:\/\/games.tactic.net\/sv\/wp-json\/wp\/v2\/product_brand?post=1368879"},{"taxonomy":"product_cat","embeddable":true,"href":"https:\/\/games.tactic.net\/sv\/wp-json\/wp\/v2\/product_cat?post=1368879"},{"taxonomy":"product_tag","embeddable":true,"href":"https:\/\/games.tactic.net\/sv\/wp-json\/wp\/v2\/product_tag?post=1368879"},{"taxonomy":"brand","embeddable":true,"href":"https:\/\/games.tactic.net\/sv\/wp-json\/wp\/v2\/brand?post=1368879"},{"taxonomy":"target-group","embeddable":true,"href":"https:\/\/games.tactic.net\/sv\/wp-json\/wp\/v2\/target-group?post=1368879"},{"taxonomy":"discontinued","embeddable":true,"href":"https:\/\/games.tactic.net\/sv\/wp-json\/wp\/v2\/discontinued?post=1368879"}],"curies":[{"name":"wp","href":"https:\/\/api.w.org\/{rel}","templated":true}]}}