{"id":1368849,"date":"2025-12-18T13:07:35","date_gmt":"2025-12-18T11:07:35","guid":{"rendered":"https:\/\/games.tactic.net\/tuote\/gift-game-lifeline\/"},"modified":"2025-12-18T13:07:35","modified_gmt":"2025-12-18T11:07:35","slug":"gift-game-lifeline","status":"publish","type":"product","link":"https:\/\/games.tactic.net\/sv\/tuote\/gift-game-lifeline\/","title":{"rendered":"Gift game: Lifeline"},"content":{"rendered":"<p>LifeLine \u00e4r en resa genom de minnen och stunder som g\u00f6r varje liv unikt. Titta i backspegeln p\u00e5 ditt livs speciella \u00f6gonblick och dela dem med de andra spelarna. Placera k\u00e4nda historiska h\u00e4ndelser och dina personliga erfarenheter i r\u00e4tt ordning p\u00e5 din alldeles egna livslinje. R\u00e4kna po\u00e4ng f\u00f6r varje kort du placerade korrekt. Spelaren med h\u00f6gst po\u00e4ng vinner. I LifeLine \u00e4r varje \u00f6gonblick speciellt!<\/p>\n","protected":false},"excerpt":{"rendered":"<p>LifeLine \u00e4r en resa genom de minnen och stunder som g\u00f6r varje liv unikt. Titta i backspegeln p\u00e5 ditt livs speciella \u00f6gonblick och dela dem med de andra spelarna. Placera k\u00e4nda historiska h\u00e4ndelser och dina personliga erfarenheter i r\u00e4tt ordning p\u00e5 din alldeles egna livslinje. R\u00e4kna po\u00e4ng f\u00f6r varje kort du placerade korrekt. Spelaren med [&hellip;]<\/p>\n","protected":false},"featured_media":0,"template":"","meta":{"content-type":"","_monsterinsights_skip_tracking":false,"_monsterinsights_sitenote_active":false,"_monsterinsights_sitenote_note":"","_monsterinsights_sitenote_category":0},"product_brand":[],"product_cat":[1541,1540],"product_tag":[849],"brand":[],"target-group":[],"discontinued":[],"class_list":{"0":"post-1368849","1":"product","2":"type-product","3":"status-publish","5":"product_cat-party-spel-vuxenspel","6":"product_cat-partyspel","7":"product_tag-kunskap","9":"first","10":"instock","11":"taxable","12":"shipping-taxable","13":"product-type-simple"},"aioseo_notices":[],"_links":{"self":[{"href":"https:\/\/games.tactic.net\/sv\/wp-json\/wp\/v2\/product\/1368849","targetHints":{"allow":["GET"]}}],"collection":[{"href":"https:\/\/games.tactic.net\/sv\/wp-json\/wp\/v2\/product"}],"about":[{"href":"https:\/\/games.tactic.net\/sv\/wp-json\/wp\/v2\/types\/product"}],"wp:attachment":[{"href":"https:\/\/games.tactic.net\/sv\/wp-json\/wp\/v2\/media?parent=1368849"}],"wp:term":[{"taxonomy":"product_brand","embeddable":true,"href":"https:\/\/games.tactic.net\/sv\/wp-json\/wp\/v2\/product_brand?post=1368849"},{"taxonomy":"product_cat","embeddable":true,"href":"https:\/\/games.tactic.net\/sv\/wp-json\/wp\/v2\/product_cat?post=1368849"},{"taxonomy":"product_tag","embeddable":true,"href":"https:\/\/games.tactic.net\/sv\/wp-json\/wp\/v2\/product_tag?post=1368849"},{"taxonomy":"brand","embeddable":true,"href":"https:\/\/games.tactic.net\/sv\/wp-json\/wp\/v2\/brand?post=1368849"},{"taxonomy":"target-group","embeddable":true,"href":"https:\/\/games.tactic.net\/sv\/wp-json\/wp\/v2\/target-group?post=1368849"},{"taxonomy":"discontinued","embeddable":true,"href":"https:\/\/games.tactic.net\/sv\/wp-json\/wp\/v2\/discontinued?post=1368849"}],"curies":[{"name":"wp","href":"https:\/\/api.w.org\/{rel}","templated":true}]}}