{"id":1368821,"date":"2025-12-11T16:20:17","date_gmt":"2025-12-11T14:20:17","guid":{"rendered":"https:\/\/games.tactic.net\/tuote\/bruder-lemken-koralin-9-kultivator-leksak\/"},"modified":"2025-12-11T16:20:17","modified_gmt":"2025-12-11T14:20:17","slug":"bruder-lemken-koralin-9-kultivator-leksak","status":"publish","type":"product","link":"https:\/\/games.tactic.net\/sv\/tuote\/bruder-lemken-koralin-9-kultivator-leksak\/","title":{"rendered":"Bruder Lemken Koralin 9 kultivator leksak"},"content":{"rendered":"<p>Jordbruket m\u00e5ste st\u00e4ndigt anpassa sig till utmaningar som minskad nederb\u00f6rd och \u00f6kad torka. Koralin-kultivatorn erbjuder en m\u00e5ngsidig och skonsam markbearbetning. Denna h\u00f6gmoderna f\u00e4ltmaskin \u00e4r ett nytt tillskott i BRUDER:s jordbruksv\u00e4rld i skala 1:16. Med en spak p\u00e5 chassit v\u00e4xlar du mellan transport- och arbetsl\u00e4ge. De stora sidosektionerna med detaljerade skivor och pinnsektioner kan f\u00e4llas upp f\u00f6r transport och ned f\u00f6r arbete. Tillsammans med fungerande efterv\u00e4ltrar och pinnar visar den upp sin imponerande storlek. Perfekta dragare \u00e4r BRUDER:s traktorer i 3000- och 4000-serien.<\/p>\n","protected":false},"excerpt":{"rendered":"<p>Koralin kultivator ger l\u00f6sning f\u00f6r markbearbetning vid torka. Realistisk modell med f\u00e4llbara element, rullar och pinnar. Passar BRUDER 3000\/4000-serien.<\/p>\n","protected":false},"featured_media":0,"template":"","meta":{"content-type":"","_monsterinsights_skip_tracking":false,"_monsterinsights_sitenote_active":false,"_monsterinsights_sitenote_note":"","_monsterinsights_sitenote_category":0},"product_brand":[],"product_cat":[823],"product_tag":[],"brand":[],"target-group":[],"discontinued":[],"class_list":{"0":"post-1368821","1":"product","2":"type-product","3":"status-publish","5":"product_cat-bruder","7":"first","8":"instock","9":"taxable","10":"shipping-taxable","11":"product-type-simple"},"aioseo_notices":[],"_links":{"self":[{"href":"https:\/\/games.tactic.net\/sv\/wp-json\/wp\/v2\/product\/1368821","targetHints":{"allow":["GET"]}}],"collection":[{"href":"https:\/\/games.tactic.net\/sv\/wp-json\/wp\/v2\/product"}],"about":[{"href":"https:\/\/games.tactic.net\/sv\/wp-json\/wp\/v2\/types\/product"}],"wp:attachment":[{"href":"https:\/\/games.tactic.net\/sv\/wp-json\/wp\/v2\/media?parent=1368821"}],"wp:term":[{"taxonomy":"product_brand","embeddable":true,"href":"https:\/\/games.tactic.net\/sv\/wp-json\/wp\/v2\/product_brand?post=1368821"},{"taxonomy":"product_cat","embeddable":true,"href":"https:\/\/games.tactic.net\/sv\/wp-json\/wp\/v2\/product_cat?post=1368821"},{"taxonomy":"product_tag","embeddable":true,"href":"https:\/\/games.tactic.net\/sv\/wp-json\/wp\/v2\/product_tag?post=1368821"},{"taxonomy":"brand","embeddable":true,"href":"https:\/\/games.tactic.net\/sv\/wp-json\/wp\/v2\/brand?post=1368821"},{"taxonomy":"target-group","embeddable":true,"href":"https:\/\/games.tactic.net\/sv\/wp-json\/wp\/v2\/target-group?post=1368821"},{"taxonomy":"discontinued","embeddable":true,"href":"https:\/\/games.tactic.net\/sv\/wp-json\/wp\/v2\/discontinued?post=1368821"}],"curies":[{"name":"wp","href":"https:\/\/api.w.org\/{rel}","templated":true}]}}