{"id":1368819,"date":"2025-12-11T10:09:01","date_gmt":"2025-12-11T08:09:01","guid":{"rendered":"https:\/\/games.tactic.net\/tuote\/tactic-lar-dig-barnens-roliga-fragespel\/"},"modified":"2026-02-04T09:21:28","modified_gmt":"2026-02-04T07:21:28","slug":"tactic-lar-dig-barnens-roliga-fragespel","status":"publish","type":"product","link":"https:\/\/games.tactic.net\/sv\/tuote\/tactic-lar-dig-barnens-roliga-fragespel\/","title":{"rendered":"Tactic L\u00e4r dig Barnens roliga fr\u00e5gespel"},"content":{"rendered":"<p>Anv\u00e4nd dina kunskaper och l\u00e4r dig nya saker! Genom de 400 fr\u00e5gorna kommer du att hitta nya s\u00e4tt att tillgodog\u00f6ra dig f\u00e4rdigheter, k\u00e4nna dig delaktig och hitta svar. Du kan ocks\u00e5 be om en ledtr\u00e5d eller lista ut svaret tillsammans med en annan spelare. Det h\u00e4r spelet handlar om att uppmuntra och hj\u00e4lpa varandra. Att alla l\u00e4r sig p\u00e5 sitt eget s\u00e4tt och i sin egen takt \u00e4r viktigt att komma ih\u00e5g. Med Mitt f\u00f6rsta fr\u00e5gespel f\u00e5r barnet sj\u00e4lvf\u00f6rtroende: \u201dJag klarar det!\u201d<\/p>\n","protected":false},"excerpt":{"rendered":"<p>Anv\u00e4nd dina kunskaper och l\u00e4r dig nya saker! Genom de 400 fr\u00e5gorna kommer du att hitta nya s\u00e4tt att tillgodog\u00f6ra dig f\u00e4rdigheter, k\u00e4nna dig delaktig och hitta svar. Du kan ocks\u00e5 be om en ledtr\u00e5d eller lista ut svaret tillsammans med en annan spelare. Det h\u00e4r spelet handlar om att uppmuntra och hj\u00e4lpa varandra. Att [&hellip;]<\/p>\n","protected":false},"featured_media":0,"template":"","meta":{"content-type":"","_monsterinsights_skip_tracking":false,"_monsterinsights_sitenote_active":false,"_monsterinsights_sitenote_note":"","_monsterinsights_sitenote_category":0},"product_brand":[],"product_cat":[1462],"product_tag":[],"brand":[{"id":864,"name":"Let's Learn","slug":"letslearn-sv"}],"target-group":[],"discontinued":[],"class_list":{"0":"post-1368819","1":"product","2":"type-product","3":"status-publish","5":"product_cat-bradspel-barnspel","6":"brand-letslearn-sv","8":"first","9":"instock","10":"taxable","11":"shipping-taxable","12":"product-type-simple"},"aioseo_notices":[],"_links":{"self":[{"href":"https:\/\/games.tactic.net\/sv\/wp-json\/wp\/v2\/product\/1368819","targetHints":{"allow":["GET"]}}],"collection":[{"href":"https:\/\/games.tactic.net\/sv\/wp-json\/wp\/v2\/product"}],"about":[{"href":"https:\/\/games.tactic.net\/sv\/wp-json\/wp\/v2\/types\/product"}],"wp:attachment":[{"href":"https:\/\/games.tactic.net\/sv\/wp-json\/wp\/v2\/media?parent=1368819"}],"wp:term":[{"taxonomy":"product_brand","embeddable":true,"href":"https:\/\/games.tactic.net\/sv\/wp-json\/wp\/v2\/product_brand?post=1368819"},{"taxonomy":"product_cat","embeddable":true,"href":"https:\/\/games.tactic.net\/sv\/wp-json\/wp\/v2\/product_cat?post=1368819"},{"taxonomy":"product_tag","embeddable":true,"href":"https:\/\/games.tactic.net\/sv\/wp-json\/wp\/v2\/product_tag?post=1368819"},{"taxonomy":"brand","embeddable":true,"href":"https:\/\/games.tactic.net\/sv\/wp-json\/wp\/v2\/brand?post=1368819"},{"taxonomy":"target-group","embeddable":true,"href":"https:\/\/games.tactic.net\/sv\/wp-json\/wp\/v2\/target-group?post=1368819"},{"taxonomy":"discontinued","embeddable":true,"href":"https:\/\/games.tactic.net\/sv\/wp-json\/wp\/v2\/discontinued?post=1368819"}],"curies":[{"name":"wp","href":"https:\/\/api.w.org\/{rel}","templated":true}]}}