{"id":1368795,"date":"2025-12-09T16:22:24","date_gmt":"2025-12-09T14:22:24","guid":{"rendered":"https:\/\/games.tactic.net\/tuote\/tactic-hot-wheels-speed-club-1000-pcs-pussel\/"},"modified":"2025-12-09T16:22:24","modified_gmt":"2025-12-09T14:22:24","slug":"tactic-hot-wheels-speed-club-1000-pcs-pussel","status":"publish","type":"product","link":"https:\/\/games.tactic.net\/sv\/tuote\/tactic-hot-wheels-speed-club-1000-pcs-pussel\/","title":{"rendered":"Tactic Hot Wheels Speed Club 1000 pcs pussel"},"content":{"rendered":"<p>Att k\u00f6ra fort har aldrig sett b\u00e4ttre ut. Bygg ihop den bit f\u00f6r bit med ikoniska Hot Wheels-bilar. Skapad f\u00f6r att se coolare ut och prestera b\u00e4ttre \u00e4n alla andra leksaksbilar har Hot Wheels tagit fram tusentals klassiska bilmodeller som inspirerar fans att utmana sig sj\u00e4lva med fart, stunts och gravittrotsande orangea loopar.<\/p>\n","protected":false},"excerpt":{"rendered":"<p>Att k\u00f6ra fort har aldrig sett b\u00e4ttre ut. Bygg ihop den bit f\u00f6r bit med ikoniska Hot Wheels-bilar. Skapad f\u00f6r att se coolare ut och prestera b\u00e4ttre \u00e4n alla andra leksaksbilar har Hot Wheels tagit fram tusentals klassiska bilmodeller som inspirerar fans att utmana sig sj\u00e4lva med fart, stunts och gravittrotsande orangea loopar.<\/p>\n","protected":false},"featured_media":0,"template":"","meta":{"content-type":"","_monsterinsights_skip_tracking":false,"_monsterinsights_sitenote_active":false,"_monsterinsights_sitenote_note":"","_monsterinsights_sitenote_category":0},"product_brand":[],"product_cat":[985],"product_tag":[],"brand":[],"target-group":[],"discontinued":[],"class_list":{"0":"post-1368795","1":"product","2":"type-product","3":"status-publish","5":"product_cat-1000-bitar-2","7":"first","8":"instock","9":"taxable","10":"shipping-taxable","11":"product-type-simple"},"aioseo_notices":[],"_links":{"self":[{"href":"https:\/\/games.tactic.net\/sv\/wp-json\/wp\/v2\/product\/1368795","targetHints":{"allow":["GET"]}}],"collection":[{"href":"https:\/\/games.tactic.net\/sv\/wp-json\/wp\/v2\/product"}],"about":[{"href":"https:\/\/games.tactic.net\/sv\/wp-json\/wp\/v2\/types\/product"}],"wp:attachment":[{"href":"https:\/\/games.tactic.net\/sv\/wp-json\/wp\/v2\/media?parent=1368795"}],"wp:term":[{"taxonomy":"product_brand","embeddable":true,"href":"https:\/\/games.tactic.net\/sv\/wp-json\/wp\/v2\/product_brand?post=1368795"},{"taxonomy":"product_cat","embeddable":true,"href":"https:\/\/games.tactic.net\/sv\/wp-json\/wp\/v2\/product_cat?post=1368795"},{"taxonomy":"product_tag","embeddable":true,"href":"https:\/\/games.tactic.net\/sv\/wp-json\/wp\/v2\/product_tag?post=1368795"},{"taxonomy":"brand","embeddable":true,"href":"https:\/\/games.tactic.net\/sv\/wp-json\/wp\/v2\/brand?post=1368795"},{"taxonomy":"target-group","embeddable":true,"href":"https:\/\/games.tactic.net\/sv\/wp-json\/wp\/v2\/target-group?post=1368795"},{"taxonomy":"discontinued","embeddable":true,"href":"https:\/\/games.tactic.net\/sv\/wp-json\/wp\/v2\/discontinued?post=1368795"}],"curies":[{"name":"wp","href":"https:\/\/api.w.org\/{rel}","templated":true}]}}