{"id":1368793,"date":"2025-12-09T16:22:10","date_gmt":"2025-12-09T14:22:10","guid":{"rendered":"https:\/\/games.tactic.net\/tuote\/tactic-hot-wheels-twin-mill-500-pcs-pussel\/"},"modified":"2025-12-09T16:22:10","modified_gmt":"2025-12-09T14:22:10","slug":"tactic-hot-wheels-twin-mill-500-pcs-pussel","status":"publish","type":"product","link":"https:\/\/games.tactic.net\/sv\/tuote\/tactic-hot-wheels-twin-mill-500-pcs-pussel\/","title":{"rendered":"Tactic Hot Wheels Twin Mill 500 pcs pussel"},"content":{"rendered":"<p>Bygg upp den bit f\u00f6r bit med Hot Wheels ikoniska Twin Mill. Skapad f\u00f6r att se coolare ut och prestera b\u00e4ttre \u00e4n alla andra leksaksbilar har Hot Wheels tagit fram tusentals klassiska bilmodeller som inspirerar fans att utmana sig sj\u00e4lva med fart, stunts och gravitationstrotsande orangea loopar.<br \/>\nEtt 500-bitars pussel erbjuder den perfekta balansen mellan avkoppling och utmaning. Den detaljerade bilden h\u00e5ller dig engagerad, medan de tydliga formerna hj\u00e4lper dig att g\u00f6ra j\u00e4mna framsteg. Bitarna passar bra ihop, vilket g\u00f6r pusslandet roligt, och de varierade formerna ger extra tillfredsst\u00e4llelse under arbetet. Bitarna \u00e4r inte identiska \u2013 olika former och kombinationer g\u00f6r pusslet mer intressant och hj\u00e4lper dig att hitta r\u00e4tt plats f\u00f6r varje bit.<br \/>\nPusslet tillverkas i Finland i Tactic Games egen fabrik, d\u00e4r stor vikt l\u00e4ggs vid materialsp\u00e5rbarhet och ansvarsfull produktion. FSC-certifiering och uppf\u00f6ljning av koldioxidavtryck bidrar till ett mer h\u00e5llbart val.<\/p>\n","protected":false},"excerpt":{"rendered":"<p>Tactic Hot Wheels Twin Mill 500-bitars pussel tar med sig hastigheten och stilen fr\u00e5n den legendariska Twin Mill-bilen till pusselgl\u00e4djen. Ett h\u00f6gkvalitativt pussel tillverkat i Finland.<\/p>\n","protected":false},"featured_media":0,"template":"","meta":{"content-type":"","_monsterinsights_skip_tracking":false,"_monsterinsights_sitenote_active":false,"_monsterinsights_sitenote_note":"","_monsterinsights_sitenote_category":0},"product_brand":[],"product_cat":[915],"product_tag":[],"brand":[],"target-group":[],"discontinued":[],"class_list":{"0":"post-1368793","1":"product","2":"type-product","3":"status-publish","5":"product_cat-500-bitar","7":"first","8":"instock","9":"taxable","10":"shipping-taxable","11":"product-type-simple"},"aioseo_notices":[],"_links":{"self":[{"href":"https:\/\/games.tactic.net\/sv\/wp-json\/wp\/v2\/product\/1368793","targetHints":{"allow":["GET"]}}],"collection":[{"href":"https:\/\/games.tactic.net\/sv\/wp-json\/wp\/v2\/product"}],"about":[{"href":"https:\/\/games.tactic.net\/sv\/wp-json\/wp\/v2\/types\/product"}],"wp:attachment":[{"href":"https:\/\/games.tactic.net\/sv\/wp-json\/wp\/v2\/media?parent=1368793"}],"wp:term":[{"taxonomy":"product_brand","embeddable":true,"href":"https:\/\/games.tactic.net\/sv\/wp-json\/wp\/v2\/product_brand?post=1368793"},{"taxonomy":"product_cat","embeddable":true,"href":"https:\/\/games.tactic.net\/sv\/wp-json\/wp\/v2\/product_cat?post=1368793"},{"taxonomy":"product_tag","embeddable":true,"href":"https:\/\/games.tactic.net\/sv\/wp-json\/wp\/v2\/product_tag?post=1368793"},{"taxonomy":"brand","embeddable":true,"href":"https:\/\/games.tactic.net\/sv\/wp-json\/wp\/v2\/brand?post=1368793"},{"taxonomy":"target-group","embeddable":true,"href":"https:\/\/games.tactic.net\/sv\/wp-json\/wp\/v2\/target-group?post=1368793"},{"taxonomy":"discontinued","embeddable":true,"href":"https:\/\/games.tactic.net\/sv\/wp-json\/wp\/v2\/discontinued?post=1368793"}],"curies":[{"name":"wp","href":"https:\/\/api.w.org\/{rel}","templated":true}]}}