{"id":1368771,"date":"2025-12-09T14:10:30","date_gmt":"2025-12-09T12:10:30","guid":{"rendered":"https:\/\/games.tactic.net\/tuote\/lumo-stars-shiba-inu-ukko-plush-classic-15-cm\/"},"modified":"2025-12-09T14:10:30","modified_gmt":"2025-12-09T12:10:30","slug":"lumo-stars-shiba-inu-ukko-plush-classic-15-cm","status":"publish","type":"product","link":"https:\/\/games.tactic.net\/sv\/tuote\/lumo-stars-shiba-inu-ukko-plush-classic-15-cm\/","title":{"rendered":"Lumo Stars Shiba Inu Ukko plush classic 15 cm"},"content":{"rendered":"<p>Hej, jag \u00e4r Ukko! Jag \u00e4r modig, lojal och alltid vaksam! Mina \u00f6gon ser allt, och min fluffiga svans viftar av gl\u00e4dje. Jag \u00e4lskar att vara utomhus och g\u00e5 p\u00e5 \u00e4ventyr, men mitt hj\u00e4rta \u00e4r d\u00e4r mina v\u00e4nner \u00e4r. L\u00e5t oss ge oss ut p\u00e5 \u00e4ventyr tillsammans!<\/p>\n","protected":false},"excerpt":{"rendered":"<p>Hej, jag \u00e4r Ukko! Jag \u00e4r modig, lojal och alltid vaksam!<\/p>\n","protected":false},"featured_media":0,"template":"","meta":{"content-type":"","_monsterinsights_skip_tracking":false,"_monsterinsights_sitenote_active":false,"_monsterinsights_sitenote_note":"","_monsterinsights_sitenote_category":0},"product_brand":[],"product_cat":[1564],"product_tag":[],"brand":[],"target-group":[],"discontinued":[],"class_list":{"0":"post-1368771","1":"product","2":"type-product","3":"status-publish","5":"product_cat-classic-gosedjur-lumo-stars-5","7":"first","8":"instock","9":"taxable","10":"shipping-taxable","11":"product-type-simple"},"aioseo_notices":[],"_links":{"self":[{"href":"https:\/\/games.tactic.net\/sv\/wp-json\/wp\/v2\/product\/1368771","targetHints":{"allow":["GET"]}}],"collection":[{"href":"https:\/\/games.tactic.net\/sv\/wp-json\/wp\/v2\/product"}],"about":[{"href":"https:\/\/games.tactic.net\/sv\/wp-json\/wp\/v2\/types\/product"}],"wp:attachment":[{"href":"https:\/\/games.tactic.net\/sv\/wp-json\/wp\/v2\/media?parent=1368771"}],"wp:term":[{"taxonomy":"product_brand","embeddable":true,"href":"https:\/\/games.tactic.net\/sv\/wp-json\/wp\/v2\/product_brand?post=1368771"},{"taxonomy":"product_cat","embeddable":true,"href":"https:\/\/games.tactic.net\/sv\/wp-json\/wp\/v2\/product_cat?post=1368771"},{"taxonomy":"product_tag","embeddable":true,"href":"https:\/\/games.tactic.net\/sv\/wp-json\/wp\/v2\/product_tag?post=1368771"},{"taxonomy":"brand","embeddable":true,"href":"https:\/\/games.tactic.net\/sv\/wp-json\/wp\/v2\/brand?post=1368771"},{"taxonomy":"target-group","embeddable":true,"href":"https:\/\/games.tactic.net\/sv\/wp-json\/wp\/v2\/target-group?post=1368771"},{"taxonomy":"discontinued","embeddable":true,"href":"https:\/\/games.tactic.net\/sv\/wp-json\/wp\/v2\/discontinued?post=1368771"}],"curies":[{"name":"wp","href":"https:\/\/api.w.org\/{rel}","templated":true}]}}