{"id":1368769,"date":"2025-12-09T14:10:09","date_gmt":"2025-12-09T12:10:09","guid":{"rendered":"https:\/\/games.tactic.net\/tuote\/lumo-stars-bordercollie-bailey-classic-15-cm\/"},"modified":"2025-12-09T14:10:09","modified_gmt":"2025-12-09T12:10:09","slug":"lumo-stars-bordercollie-bailey-classic-15-cm","status":"publish","type":"product","link":"https:\/\/games.tactic.net\/sv\/tuote\/lumo-stars-bordercollie-bailey-classic-15-cm\/","title":{"rendered":"Lumo Stars Bordercollie Bailey mjuk leksak classic 15 cm"},"content":{"rendered":"<p>Jag \u00e4r Bailey!<br \/>\nJag \u00e4r en snabb och kvick Border Collie. Jag \u00e4lskar att springa, leka och l\u00e4ra mig nya trick. Kom och lek med mig!<br \/>\nDen smarta och energiska Bailey \u00e4r alltid redo f\u00f6r lek! Detta charmiga Border Collie-gosedjur sprider gl\u00e4dje och v\u00e4nskap i varje stund.<\/p>\n","protected":false},"excerpt":{"rendered":"<p>Jag \u00e4r Bailey!<br \/>\nJag \u00e4r en snabb och kvick Border Collie.<\/p>\n","protected":false},"featured_media":0,"template":"","meta":{"content-type":"","_monsterinsights_skip_tracking":false,"_monsterinsights_sitenote_active":false,"_monsterinsights_sitenote_note":"","_monsterinsights_sitenote_category":0},"product_brand":[],"product_cat":[1564],"product_tag":[],"brand":[],"target-group":[],"discontinued":[],"class_list":{"0":"post-1368769","1":"product","2":"type-product","3":"status-publish","5":"product_cat-classic-gosedjur-lumo-stars-5","7":"first","8":"instock","9":"taxable","10":"shipping-taxable","11":"product-type-simple"},"aioseo_notices":[],"_links":{"self":[{"href":"https:\/\/games.tactic.net\/sv\/wp-json\/wp\/v2\/product\/1368769","targetHints":{"allow":["GET"]}}],"collection":[{"href":"https:\/\/games.tactic.net\/sv\/wp-json\/wp\/v2\/product"}],"about":[{"href":"https:\/\/games.tactic.net\/sv\/wp-json\/wp\/v2\/types\/product"}],"wp:attachment":[{"href":"https:\/\/games.tactic.net\/sv\/wp-json\/wp\/v2\/media?parent=1368769"}],"wp:term":[{"taxonomy":"product_brand","embeddable":true,"href":"https:\/\/games.tactic.net\/sv\/wp-json\/wp\/v2\/product_brand?post=1368769"},{"taxonomy":"product_cat","embeddable":true,"href":"https:\/\/games.tactic.net\/sv\/wp-json\/wp\/v2\/product_cat?post=1368769"},{"taxonomy":"product_tag","embeddable":true,"href":"https:\/\/games.tactic.net\/sv\/wp-json\/wp\/v2\/product_tag?post=1368769"},{"taxonomy":"brand","embeddable":true,"href":"https:\/\/games.tactic.net\/sv\/wp-json\/wp\/v2\/brand?post=1368769"},{"taxonomy":"target-group","embeddable":true,"href":"https:\/\/games.tactic.net\/sv\/wp-json\/wp\/v2\/target-group?post=1368769"},{"taxonomy":"discontinued","embeddable":true,"href":"https:\/\/games.tactic.net\/sv\/wp-json\/wp\/v2\/discontinued?post=1368769"}],"curies":[{"name":"wp","href":"https:\/\/api.w.org\/{rel}","templated":true}]}}