{"id":1368768,"date":"2025-12-09T14:09:55","date_gmt":"2025-12-09T12:09:55","guid":{"rendered":"https:\/\/games.tactic.net\/tuote\/lumo-stars-cavapoo-teddy-classic\/"},"modified":"2025-12-09T14:09:55","modified_gmt":"2025-12-09T12:09:55","slug":"lumo-stars-cavapoo-teddy-classic","status":"publish","type":"product","link":"https:\/\/games.tactic.net\/sv\/tuote\/lumo-stars-cavapoo-teddy-classic\/","title":{"rendered":"Lumo Stars Cavapoo Teddy mjuk leksak classic 15 cm"},"content":{"rendered":"<p>Jag \u00e4r Teddy!<br \/>\nJag \u00e4r en mjuk och gosig Cavapoo. Jag \u00e4lskar varma kramar och lekfulla stunder med v\u00e4nner. \u00c4r du redo f\u00f6r ett \u00e4ventyr med mig?<br \/>\nDenna s\u00f6ta Cavapoo-mjukis, 15 cm h\u00f6g, charmar med sin mjuka p\u00e4ls och sina gulliga knapp\u00f6gon. Teddy \u00e4lskar kramar och \u00e4r den perfekta f\u00f6ljeslagaren f\u00f6r alla \u00e5ldrar!<\/p>\n","protected":false},"excerpt":{"rendered":"<p>Jag \u00e4r Teddy!<br \/>\nJag \u00e4r en mjuk och gosig Cavapoo.<\/p>\n","protected":false},"featured_media":0,"template":"","meta":{"content-type":"","_monsterinsights_skip_tracking":false,"_monsterinsights_sitenote_active":false,"_monsterinsights_sitenote_note":"","_monsterinsights_sitenote_category":0},"product_brand":[],"product_cat":[1564],"product_tag":[],"brand":[],"target-group":[],"discontinued":[],"class_list":{"0":"post-1368768","1":"product","2":"type-product","3":"status-publish","5":"product_cat-classic-gosedjur-lumo-stars-5","7":"first","8":"instock","9":"taxable","10":"shipping-taxable","11":"product-type-simple"},"aioseo_notices":[],"_links":{"self":[{"href":"https:\/\/games.tactic.net\/sv\/wp-json\/wp\/v2\/product\/1368768","targetHints":{"allow":["GET"]}}],"collection":[{"href":"https:\/\/games.tactic.net\/sv\/wp-json\/wp\/v2\/product"}],"about":[{"href":"https:\/\/games.tactic.net\/sv\/wp-json\/wp\/v2\/types\/product"}],"wp:attachment":[{"href":"https:\/\/games.tactic.net\/sv\/wp-json\/wp\/v2\/media?parent=1368768"}],"wp:term":[{"taxonomy":"product_brand","embeddable":true,"href":"https:\/\/games.tactic.net\/sv\/wp-json\/wp\/v2\/product_brand?post=1368768"},{"taxonomy":"product_cat","embeddable":true,"href":"https:\/\/games.tactic.net\/sv\/wp-json\/wp\/v2\/product_cat?post=1368768"},{"taxonomy":"product_tag","embeddable":true,"href":"https:\/\/games.tactic.net\/sv\/wp-json\/wp\/v2\/product_tag?post=1368768"},{"taxonomy":"brand","embeddable":true,"href":"https:\/\/games.tactic.net\/sv\/wp-json\/wp\/v2\/brand?post=1368768"},{"taxonomy":"target-group","embeddable":true,"href":"https:\/\/games.tactic.net\/sv\/wp-json\/wp\/v2\/target-group?post=1368768"},{"taxonomy":"discontinued","embeddable":true,"href":"https:\/\/games.tactic.net\/sv\/wp-json\/wp\/v2\/discontinued?post=1368768"}],"curies":[{"name":"wp","href":"https:\/\/api.w.org\/{rel}","templated":true}]}}