{"id":1368762,"date":"2025-12-08T16:20:44","date_gmt":"2025-12-08T14:20:44","guid":{"rendered":"https:\/\/games.tactic.net\/tuote\/tactic-lar-dig-kluriga-bingot\/"},"modified":"2026-02-04T08:17:22","modified_gmt":"2026-02-04T06:17:22","slug":"tactic-lar-dig-kluriga-bingot","status":"publish","type":"product","link":"https:\/\/games.tactic.net\/sv\/tuote\/tactic-lar-dig-kluriga-bingot\/","title":{"rendered":"Tactic L\u00e4r dig Kluriga Bingot"},"content":{"rendered":"<p>Det h\u00e4r spelet s\u00e4tter fart p\u00e5 hj\u00e4rnan och f\u00e5r dig att le! L\u00f6s roliga utmaningar, avsl\u00f6ja ditt svar med en \u201dsten\u2013sax\u2013p\u00e5se\u201d-gest och markera dina po\u00e4ng p\u00e5 bingobrickan. L\u00e4tt att l\u00e4ra och v\u00e4ldigt kul att spela. Inneh\u00e5ller hundra unika uppgifter som s\u00e4tter din hj\u00e4rna p\u00e5 prov. Kombinera tv\u00e5 IQ Bingo-spel f\u00f6r att skapa en superversion f\u00f6r fyra spelare, d\u00e4r alla kan spela p\u00e5 sin egen niv\u00e5.<\/p>\n","protected":false},"excerpt":{"rendered":"<p>Det h\u00e4r spelet s\u00e4tter fart p\u00e5 hj\u00e4rnan och f\u00e5r dig att le! L\u00f6s roliga utmaningar, avsl\u00f6ja ditt svar med en \u201dsten\u2013sax\u2013p\u00e5se\u201d-gest och markera dina po\u00e4ng p\u00e5 bingobrickan. L\u00e4tt att l\u00e4ra och v\u00e4ldigt kul att spela. Inneh\u00e5ller hundra unika uppgifter som s\u00e4tter din hj\u00e4rna p\u00e5 prov. Kombinera tv\u00e5 IQ Bingo-spel f\u00f6r att skapa en superversion f\u00f6r [&hellip;]<\/p>\n","protected":false},"featured_media":0,"template":"","meta":{"content-type":"","_monsterinsights_skip_tracking":false,"_monsterinsights_sitenote_active":false,"_monsterinsights_sitenote_note":"","_monsterinsights_sitenote_category":0},"product_brand":[],"product_cat":[1462,1519],"product_tag":[],"brand":[{"id":864,"name":"Let's Learn","slug":"letslearn-sv"}],"target-group":[],"discontinued":[],"class_list":{"0":"post-1368762","1":"product","2":"type-product","3":"status-publish","5":"product_cat-bradspel-barnspel","6":"product_cat-lar-spel-barnspel","7":"brand-letslearn-sv","9":"first","10":"instock","11":"taxable","12":"shipping-taxable","13":"product-type-simple"},"aioseo_notices":[],"_links":{"self":[{"href":"https:\/\/games.tactic.net\/sv\/wp-json\/wp\/v2\/product\/1368762","targetHints":{"allow":["GET"]}}],"collection":[{"href":"https:\/\/games.tactic.net\/sv\/wp-json\/wp\/v2\/product"}],"about":[{"href":"https:\/\/games.tactic.net\/sv\/wp-json\/wp\/v2\/types\/product"}],"wp:attachment":[{"href":"https:\/\/games.tactic.net\/sv\/wp-json\/wp\/v2\/media?parent=1368762"}],"wp:term":[{"taxonomy":"product_brand","embeddable":true,"href":"https:\/\/games.tactic.net\/sv\/wp-json\/wp\/v2\/product_brand?post=1368762"},{"taxonomy":"product_cat","embeddable":true,"href":"https:\/\/games.tactic.net\/sv\/wp-json\/wp\/v2\/product_cat?post=1368762"},{"taxonomy":"product_tag","embeddable":true,"href":"https:\/\/games.tactic.net\/sv\/wp-json\/wp\/v2\/product_tag?post=1368762"},{"taxonomy":"brand","embeddable":true,"href":"https:\/\/games.tactic.net\/sv\/wp-json\/wp\/v2\/brand?post=1368762"},{"taxonomy":"target-group","embeddable":true,"href":"https:\/\/games.tactic.net\/sv\/wp-json\/wp\/v2\/target-group?post=1368762"},{"taxonomy":"discontinued","embeddable":true,"href":"https:\/\/games.tactic.net\/sv\/wp-json\/wp\/v2\/discontinued?post=1368762"}],"curies":[{"name":"wp","href":"https:\/\/api.w.org\/{rel}","templated":true}]}}