{"id":1368744,"date":"2025-12-05T16:20:23","date_gmt":"2025-12-05T14:20:23","guid":{"rendered":"https:\/\/games.tactic.net\/tuote\/tactic-barbie-cosmic-vibes-1000-pcs-pussel\/"},"modified":"2025-12-05T16:20:23","modified_gmt":"2025-12-05T14:20:23","slug":"tactic-barbie-cosmic-vibes-1000-pcs-pussel","status":"publish","type":"product","link":"https:\/\/games.tactic.net\/sv\/tuote\/tactic-barbie-cosmic-vibes-1000-pcs-pussel\/","title":{"rendered":"Tactic Barbie Cosmic Vibes 1000 pcs pussel"},"content":{"rendered":"<p>K\u00e4nn de kosmiska vibbarna i detta 1000-bitars pussel! Barbie har inspirerat generationer sedan 1959 och \u00e4r en kulturell ikon. Hon har varit l\u00e4kare, pilot, designer och till och med rest ut i rymden. Med otaliga karri\u00e4rer och stilar har Barbie speglat och inspirerat dr\u00f6mmar hos miljoner m\u00e4nniskor v\u00e4rlden \u00f6ver. I takt med tiden och genom att spr\u00e4nga gr\u00e4nser har hon visat att du kan bli precis vad du vill. Det h\u00e4r pusslet f\u00e5ngar hennes tidl\u00f6sa dragningskraft. Bygg ihop det bit f\u00f6r bit!<\/p>\n","protected":false},"excerpt":{"rendered":"<p>Tactic Barbie Cosmic Vibes 1000-bitars pussel bjuder p\u00e5 kosmiska Barbie-vibbar i pusslandet. Den ikoniska Barbie inspirerar dig att dr\u00f6mma stort och bli vad du vill. Ett h\u00f6gkvalitativt pussel tillverkat i Finland.<\/p>\n","protected":false},"featured_media":0,"template":"","meta":{"content-type":"","_monsterinsights_skip_tracking":false,"_monsterinsights_sitenote_active":false,"_monsterinsights_sitenote_note":"","_monsterinsights_sitenote_category":0},"product_brand":[],"product_cat":[985],"product_tag":[],"brand":[{"id":605,"name":"PuzzleLovers","slug":"puzzlelovers_se"}],"target-group":[],"discontinued":[],"class_list":{"0":"post-1368744","1":"product","2":"type-product","3":"status-publish","5":"product_cat-1000-bitar-2","6":"brand-puzzlelovers_se","8":"first","9":"instock","10":"taxable","11":"shipping-taxable","12":"product-type-simple"},"aioseo_notices":[],"_links":{"self":[{"href":"https:\/\/games.tactic.net\/sv\/wp-json\/wp\/v2\/product\/1368744","targetHints":{"allow":["GET"]}}],"collection":[{"href":"https:\/\/games.tactic.net\/sv\/wp-json\/wp\/v2\/product"}],"about":[{"href":"https:\/\/games.tactic.net\/sv\/wp-json\/wp\/v2\/types\/product"}],"wp:attachment":[{"href":"https:\/\/games.tactic.net\/sv\/wp-json\/wp\/v2\/media?parent=1368744"}],"wp:term":[{"taxonomy":"product_brand","embeddable":true,"href":"https:\/\/games.tactic.net\/sv\/wp-json\/wp\/v2\/product_brand?post=1368744"},{"taxonomy":"product_cat","embeddable":true,"href":"https:\/\/games.tactic.net\/sv\/wp-json\/wp\/v2\/product_cat?post=1368744"},{"taxonomy":"product_tag","embeddable":true,"href":"https:\/\/games.tactic.net\/sv\/wp-json\/wp\/v2\/product_tag?post=1368744"},{"taxonomy":"brand","embeddable":true,"href":"https:\/\/games.tactic.net\/sv\/wp-json\/wp\/v2\/brand?post=1368744"},{"taxonomy":"target-group","embeddable":true,"href":"https:\/\/games.tactic.net\/sv\/wp-json\/wp\/v2\/target-group?post=1368744"},{"taxonomy":"discontinued","embeddable":true,"href":"https:\/\/games.tactic.net\/sv\/wp-json\/wp\/v2\/discontinued?post=1368744"}],"curies":[{"name":"wp","href":"https:\/\/api.w.org\/{rel}","templated":true}]}}