{"id":1368725,"date":"2025-12-03T14:10:19","date_gmt":"2025-12-03T12:10:19","guid":{"rendered":"https:\/\/games.tactic.net\/tuote\/tactic-puzzle-lovers-archer-of-the-grove-1000-pcs-pussel\/"},"modified":"2025-12-03T14:10:19","modified_gmt":"2025-12-03T12:10:19","slug":"tactic-puzzle-lovers-archer-of-the-grove-1000-pcs-pussel","status":"publish","type":"product","link":"https:\/\/games.tactic.net\/sv\/tuote\/tactic-puzzle-lovers-archer-of-the-grove-1000-pcs-pussel\/","title":{"rendered":"Tactic Puzzle Lovers Archer of the Grove 1000 pcs pussel"},"content":{"rendered":"<p>Sl\u00e4pp loss din inre hj\u00e4lte med ett episkt fantasypussel p\u00e5 1000 bitar! M\u00e4starb\u00e5gskytten, som sl\u00e5r till fr\u00e5n skuggorna f\u00f6r att f\u00f6rsvara sin hemmalund, v\u00e4ntar p\u00e5 dig. Det \u00e4r upp till dig att v\u00e4cka denna hisnande fantasyv\u00e4rld till liv, bit f\u00f6r bit. G\u00f6r dig redo att bygga ihop det!<\/p>\n","protected":false},"excerpt":{"rendered":"<p>Sl\u00e4pp loss din inre hj\u00e4lte med ett episkt fantasypussel p\u00e5 1000 bitar! M\u00e4starb\u00e5gskytten, som sl\u00e5r till fr\u00e5n skuggorna f\u00f6r att f\u00f6rsvara sin hemmalund, v\u00e4ntar p\u00e5 dig. Det \u00e4r upp till dig att v\u00e4cka denna hisnande fantasyv\u00e4rld till liv, bit f\u00f6r bit. G\u00f6r dig redo att bygga ihop det!<\/p>\n","protected":false},"featured_media":0,"template":"","meta":{"content-type":"","_monsterinsights_skip_tracking":false,"_monsterinsights_sitenote_active":false,"_monsterinsights_sitenote_note":"","_monsterinsights_sitenote_category":0},"product_brand":[],"product_cat":[985],"product_tag":[],"brand":[{"id":605,"name":"PuzzleLovers","slug":"puzzlelovers_se"}],"target-group":[],"discontinued":[],"class_list":{"0":"post-1368725","1":"product","2":"type-product","3":"status-publish","5":"product_cat-1000-bitar-2","6":"brand-puzzlelovers_se","8":"first","9":"instock","10":"taxable","11":"shipping-taxable","12":"product-type-simple"},"aioseo_notices":[],"_links":{"self":[{"href":"https:\/\/games.tactic.net\/sv\/wp-json\/wp\/v2\/product\/1368725","targetHints":{"allow":["GET"]}}],"collection":[{"href":"https:\/\/games.tactic.net\/sv\/wp-json\/wp\/v2\/product"}],"about":[{"href":"https:\/\/games.tactic.net\/sv\/wp-json\/wp\/v2\/types\/product"}],"wp:attachment":[{"href":"https:\/\/games.tactic.net\/sv\/wp-json\/wp\/v2\/media?parent=1368725"}],"wp:term":[{"taxonomy":"product_brand","embeddable":true,"href":"https:\/\/games.tactic.net\/sv\/wp-json\/wp\/v2\/product_brand?post=1368725"},{"taxonomy":"product_cat","embeddable":true,"href":"https:\/\/games.tactic.net\/sv\/wp-json\/wp\/v2\/product_cat?post=1368725"},{"taxonomy":"product_tag","embeddable":true,"href":"https:\/\/games.tactic.net\/sv\/wp-json\/wp\/v2\/product_tag?post=1368725"},{"taxonomy":"brand","embeddable":true,"href":"https:\/\/games.tactic.net\/sv\/wp-json\/wp\/v2\/brand?post=1368725"},{"taxonomy":"target-group","embeddable":true,"href":"https:\/\/games.tactic.net\/sv\/wp-json\/wp\/v2\/target-group?post=1368725"},{"taxonomy":"discontinued","embeddable":true,"href":"https:\/\/games.tactic.net\/sv\/wp-json\/wp\/v2\/discontinued?post=1368725"}],"curies":[{"name":"wp","href":"https:\/\/api.w.org\/{rel}","templated":true}]}}