{"id":1368548,"date":"2025-11-06T16:17:43","date_gmt":"2025-11-06T14:17:43","guid":{"rendered":"https:\/\/games.tactic.net\/tuote\/heros-blocks-coloured-wooden-blocks-50pcs-compact\/"},"modified":"2025-11-18T15:43:23","modified_gmt":"2025-11-18T13:43:23","slug":"heros-blocks-coloured-wooden-blocks-50pcs-compact","status":"publish","type":"product","link":"https:\/\/games.tactic.net\/sv\/tuote\/heros-blocks-coloured-wooden-blocks-50pcs-compact\/","title":{"rendered":"Heros Blocks f\u00e4rgade tr\u00e4klossar 50 st kompakt"},"content":{"rendered":"<p>F\u00e4rgglada tr\u00e4klossar ger o\u00e4ndlig lekgl\u00e4dje f\u00f6r barn fr\u00e5n 1 \u00e5r och upp\u00e5t. Tillverkade av 100\u202f% FSC-certifierat tr\u00e4 f\u00f6r h\u00e5llbar lek. Kompakt f\u00f6rpackning \u2013 ett prisv\u00e4rt alternativ. Tillverkad i Tyskland.<\/p>\n","protected":false},"excerpt":{"rendered":"<p>F\u00e4rgglada tr\u00e4klossar ger o\u00e4ndligt med lekgl\u00e4dje f\u00f6r barn fr\u00e5n 1 \u00e5r och upp\u00e5t.<\/p>\n","protected":false},"featured_media":0,"template":"","meta":{"content-type":"","_monsterinsights_skip_tracking":false,"_monsterinsights_sitenote_active":false,"_monsterinsights_sitenote_note":"","_monsterinsights_sitenote_category":0},"product_brand":[],"product_cat":[2340],"product_tag":[],"brand":[],"target-group":[],"discontinued":[],"class_list":{"0":"post-1368548","1":"product","2":"type-product","3":"status-publish","5":"product_cat-heros-wooden-toys","7":"first","8":"instock","9":"taxable","10":"shipping-taxable","11":"product-type-simple"},"aioseo_notices":[],"_links":{"self":[{"href":"https:\/\/games.tactic.net\/sv\/wp-json\/wp\/v2\/product\/1368548","targetHints":{"allow":["GET"]}}],"collection":[{"href":"https:\/\/games.tactic.net\/sv\/wp-json\/wp\/v2\/product"}],"about":[{"href":"https:\/\/games.tactic.net\/sv\/wp-json\/wp\/v2\/types\/product"}],"wp:attachment":[{"href":"https:\/\/games.tactic.net\/sv\/wp-json\/wp\/v2\/media?parent=1368548"}],"wp:term":[{"taxonomy":"product_brand","embeddable":true,"href":"https:\/\/games.tactic.net\/sv\/wp-json\/wp\/v2\/product_brand?post=1368548"},{"taxonomy":"product_cat","embeddable":true,"href":"https:\/\/games.tactic.net\/sv\/wp-json\/wp\/v2\/product_cat?post=1368548"},{"taxonomy":"product_tag","embeddable":true,"href":"https:\/\/games.tactic.net\/sv\/wp-json\/wp\/v2\/product_tag?post=1368548"},{"taxonomy":"brand","embeddable":true,"href":"https:\/\/games.tactic.net\/sv\/wp-json\/wp\/v2\/brand?post=1368548"},{"taxonomy":"target-group","embeddable":true,"href":"https:\/\/games.tactic.net\/sv\/wp-json\/wp\/v2\/target-group?post=1368548"},{"taxonomy":"discontinued","embeddable":true,"href":"https:\/\/games.tactic.net\/sv\/wp-json\/wp\/v2\/discontinued?post=1368548"}],"curies":[{"name":"wp","href":"https:\/\/api.w.org\/{rel}","templated":true}]}}