{"id":1368531,"date":"2025-11-05T16:18:46","date_gmt":"2025-11-05T14:18:46","guid":{"rendered":"https:\/\/games.tactic.net\/tuote\/lumo-stars-fox-fenna-plush-mini-85-cm\/"},"modified":"2025-11-05T16:18:46","modified_gmt":"2025-11-05T14:18:46","slug":"lumo-stars-fox-fenna-plush-mini-85-cm","status":"publish","type":"product","link":"https:\/\/games.tactic.net\/sv\/tuote\/lumo-stars-fox-fenna-plush-mini-85-cm\/","title":{"rendered":"Lumo Stars Fox Fenna mjuk leksak mini 8,5 cm"},"content":{"rendered":"<p>Lumo Stars R\u00e4v Fenna \u00e4r ett livligt och stiligt mjukisdjur vars gl\u00f6dande, eldr\u00f6da p\u00e4ls p\u00e5minner om v\u00e5rens fr\u00e4scha f\u00e4rger. Den h\u00e4r underbara kramdjurens \u00f6gon och fluffiga svans inbjuder till \u00e4ventyr \u2013 Fenna \u00e4r alltid redo att hoppa med dig vart som helst! Det mjuka leksaksdjuret \u00e4r h\u00e4rligt att krama, och den h\u00e4r r\u00e4vmjukisdjurens charm f\u00e5r garanterat ett leende p\u00e5 varje kind!<\/p>\n","protected":false},"excerpt":{"rendered":"<p>Lumo Stars R\u00e4v Fenna \u00e4r ett livligt och stiligt mjukisdjur vars gl\u00f6dande, eldr\u00f6da p\u00e4ls p\u00e5minner om v\u00e5rens fr\u00e4scha f\u00e4rger.<\/p>\n","protected":false},"featured_media":0,"template":"","meta":{"content-type":"","_monsterinsights_skip_tracking":false,"_monsterinsights_sitenote_active":false,"_monsterinsights_sitenote_note":"","_monsterinsights_sitenote_category":0},"product_brand":[],"product_cat":[1565],"product_tag":[],"brand":[{"id":1018,"name":"Lumo Stars","slug":"lumo-stars-13"}],"target-group":[],"discontinued":[],"class_list":{"0":"post-1368531","1":"product","2":"type-product","3":"status-publish","5":"product_cat-mini-gosedjur-lumo-stars-5","6":"brand-lumo-stars-13","8":"first","9":"outofstock","10":"taxable","11":"shipping-taxable","12":"product-type-simple"},"aioseo_notices":[],"_links":{"self":[{"href":"https:\/\/games.tactic.net\/sv\/wp-json\/wp\/v2\/product\/1368531","targetHints":{"allow":["GET"]}}],"collection":[{"href":"https:\/\/games.tactic.net\/sv\/wp-json\/wp\/v2\/product"}],"about":[{"href":"https:\/\/games.tactic.net\/sv\/wp-json\/wp\/v2\/types\/product"}],"wp:attachment":[{"href":"https:\/\/games.tactic.net\/sv\/wp-json\/wp\/v2\/media?parent=1368531"}],"wp:term":[{"taxonomy":"product_brand","embeddable":true,"href":"https:\/\/games.tactic.net\/sv\/wp-json\/wp\/v2\/product_brand?post=1368531"},{"taxonomy":"product_cat","embeddable":true,"href":"https:\/\/games.tactic.net\/sv\/wp-json\/wp\/v2\/product_cat?post=1368531"},{"taxonomy":"product_tag","embeddable":true,"href":"https:\/\/games.tactic.net\/sv\/wp-json\/wp\/v2\/product_tag?post=1368531"},{"taxonomy":"brand","embeddable":true,"href":"https:\/\/games.tactic.net\/sv\/wp-json\/wp\/v2\/brand?post=1368531"},{"taxonomy":"target-group","embeddable":true,"href":"https:\/\/games.tactic.net\/sv\/wp-json\/wp\/v2\/target-group?post=1368531"},{"taxonomy":"discontinued","embeddable":true,"href":"https:\/\/games.tactic.net\/sv\/wp-json\/wp\/v2\/discontinued?post=1368531"}],"curies":[{"name":"wp","href":"https:\/\/api.w.org\/{rel}","templated":true}]}}