{"id":1368504,"date":"2025-11-03T16:22:10","date_gmt":"2025-11-03T14:22:10","guid":{"rendered":"https:\/\/games.tactic.net\/tuote\/heros-constructor-double-decker-plane-90pcs\/"},"modified":"2025-11-18T15:44:15","modified_gmt":"2025-11-18T13:44:15","slug":"heros-constructor-double-decker-plane-90pcs","status":"publish","type":"product","link":"https:\/\/games.tactic.net\/sv\/tuote\/heros-constructor-double-decker-plane-90pcs\/","title":{"rendered":"Heros Constructor dubbeld\u00e4ckarflygplan  90 st"},"content":{"rendered":"<p>M\u00e5ngsidig byggsats i tr\u00e4. Bygg 4 olika modeller med hj\u00e4lp av instruktionerna &#8211; eller l\u00e5t fantasin best\u00e4mma! H\u00f6g kvalitet och s\u00e4kerhet: rundade kanter och giftfria material.  Tillverkad i Tyskland. FSC\u00ae 100\u202f% certifierat boktr\u00e4. <\/p>\n","protected":false},"excerpt":{"rendered":"<p>Bygg 4 olika modeller med hj\u00e4lp av instruktionerna &#8211; eller l\u00e5t fantasin best\u00e4mma!<\/p>\n","protected":false},"featured_media":0,"template":"","meta":{"content-type":"","_monsterinsights_skip_tracking":false,"_monsterinsights_sitenote_active":false,"_monsterinsights_sitenote_note":"","_monsterinsights_sitenote_category":0},"product_brand":[],"product_cat":[2340],"product_tag":[],"brand":[],"target-group":[],"discontinued":[],"class_list":{"0":"post-1368504","1":"product","2":"type-product","3":"status-publish","5":"product_cat-heros-wooden-toys","7":"first","8":"instock","9":"taxable","10":"shipping-taxable","11":"product-type-simple"},"aioseo_notices":[],"_links":{"self":[{"href":"https:\/\/games.tactic.net\/sv\/wp-json\/wp\/v2\/product\/1368504","targetHints":{"allow":["GET"]}}],"collection":[{"href":"https:\/\/games.tactic.net\/sv\/wp-json\/wp\/v2\/product"}],"about":[{"href":"https:\/\/games.tactic.net\/sv\/wp-json\/wp\/v2\/types\/product"}],"wp:attachment":[{"href":"https:\/\/games.tactic.net\/sv\/wp-json\/wp\/v2\/media?parent=1368504"}],"wp:term":[{"taxonomy":"product_brand","embeddable":true,"href":"https:\/\/games.tactic.net\/sv\/wp-json\/wp\/v2\/product_brand?post=1368504"},{"taxonomy":"product_cat","embeddable":true,"href":"https:\/\/games.tactic.net\/sv\/wp-json\/wp\/v2\/product_cat?post=1368504"},{"taxonomy":"product_tag","embeddable":true,"href":"https:\/\/games.tactic.net\/sv\/wp-json\/wp\/v2\/product_tag?post=1368504"},{"taxonomy":"brand","embeddable":true,"href":"https:\/\/games.tactic.net\/sv\/wp-json\/wp\/v2\/brand?post=1368504"},{"taxonomy":"target-group","embeddable":true,"href":"https:\/\/games.tactic.net\/sv\/wp-json\/wp\/v2\/target-group?post=1368504"},{"taxonomy":"discontinued","embeddable":true,"href":"https:\/\/games.tactic.net\/sv\/wp-json\/wp\/v2\/discontinued?post=1368504"}],"curies":[{"name":"wp","href":"https:\/\/api.w.org\/{rel}","templated":true}]}}