{"id":1368399,"date":"2025-10-29T16:18:28","date_gmt":"2025-10-29T14:18:28","guid":{"rendered":"https:\/\/games.tactic.net\/tuote\/heros-blocks-nature-and-coloured-and-wooden-blocks-60pcs\/"},"modified":"2025-11-18T15:43:36","modified_gmt":"2025-11-18T13:43:36","slug":"heros-blocks-nature-and-coloured-and-wooden-blocks-60pcs","status":"publish","type":"product","link":"https:\/\/games.tactic.net\/sv\/tuote\/heros-blocks-nature-and-coloured-and-wooden-blocks-60pcs\/","title":{"rendered":"Heros Blocks naturf\u00e4rgade och f\u00e4rgade tr\u00e4klossar 60 st"},"content":{"rendered":"<p>Vackert f\u00e4rgade och naturliga tr\u00e4klossar f\u00f6r kreativ lek. FSC\u00ae 100\u202f% certifierat tr\u00e4 \u2013 h\u00e5llbart och av h\u00f6g kvalitet. Tillverkad i Tyskland. F\u00f6rpackad i en f\u00f6rvaringsl\u00e5da av premiumkvalitet.<\/p>\n","protected":false},"excerpt":{"rendered":"<p>Vackert f\u00e4rgade och naturliga tr\u00e4klossar f\u00f6r kreativ lek.<\/p>\n","protected":false},"featured_media":0,"template":"","meta":{"content-type":"","_monsterinsights_skip_tracking":false,"_monsterinsights_sitenote_active":false,"_monsterinsights_sitenote_note":"","_monsterinsights_sitenote_category":0},"product_brand":[],"product_cat":[2340],"product_tag":[],"brand":[],"target-group":[],"discontinued":[],"class_list":{"0":"post-1368399","1":"product","2":"type-product","3":"status-publish","5":"product_cat-heros-wooden-toys","7":"first","8":"instock","9":"taxable","10":"shipping-taxable","11":"product-type-simple"},"aioseo_notices":[],"_links":{"self":[{"href":"https:\/\/games.tactic.net\/sv\/wp-json\/wp\/v2\/product\/1368399","targetHints":{"allow":["GET"]}}],"collection":[{"href":"https:\/\/games.tactic.net\/sv\/wp-json\/wp\/v2\/product"}],"about":[{"href":"https:\/\/games.tactic.net\/sv\/wp-json\/wp\/v2\/types\/product"}],"wp:attachment":[{"href":"https:\/\/games.tactic.net\/sv\/wp-json\/wp\/v2\/media?parent=1368399"}],"wp:term":[{"taxonomy":"product_brand","embeddable":true,"href":"https:\/\/games.tactic.net\/sv\/wp-json\/wp\/v2\/product_brand?post=1368399"},{"taxonomy":"product_cat","embeddable":true,"href":"https:\/\/games.tactic.net\/sv\/wp-json\/wp\/v2\/product_cat?post=1368399"},{"taxonomy":"product_tag","embeddable":true,"href":"https:\/\/games.tactic.net\/sv\/wp-json\/wp\/v2\/product_tag?post=1368399"},{"taxonomy":"brand","embeddable":true,"href":"https:\/\/games.tactic.net\/sv\/wp-json\/wp\/v2\/brand?post=1368399"},{"taxonomy":"target-group","embeddable":true,"href":"https:\/\/games.tactic.net\/sv\/wp-json\/wp\/v2\/target-group?post=1368399"},{"taxonomy":"discontinued","embeddable":true,"href":"https:\/\/games.tactic.net\/sv\/wp-json\/wp\/v2\/discontinued?post=1368399"}],"curies":[{"name":"wp","href":"https:\/\/api.w.org\/{rel}","templated":true}]}}