{"id":1368393,"date":"2025-10-29T16:17:55","date_gmt":"2025-10-29T14:17:55","guid":{"rendered":"https:\/\/games.tactic.net\/tuote\/horsch-maestro-8cx-precision-air-seeder\/"},"modified":"2025-10-29T16:17:55","modified_gmt":"2025-10-29T14:17:55","slug":"horsch-maestro-8cx-precision-air-seeder","status":"publish","type":"product","link":"https:\/\/games.tactic.net\/sv\/tuote\/horsch-maestro-8cx-precision-air-seeder\/","title":{"rendered":"Horsch Maestro 8CX precision air seeder"},"content":{"rendered":"<p>Horsch Maestro s\u00e5maskinen \u00e4r den senaste nyheten i BRUDERs jordbruksutbud. Den \u00e4r designad f\u00f6r precisionss\u00e5dd av olika gr\u00f6dor, inklusive majs, raps och sojab\u00f6nor. S\u00e5maskinen kan f\u00e4llas ihop f\u00f6r v\u00e4gtransport och f\u00e4llas ut igen f\u00f6r f\u00e4ltanv\u00e4ndning. Den integrerade tanken kan fyllas och t\u00f6mmas via en glidsventil. BRUDER 3000- och 4000-seriens traktorer \u00e4r den perfekta matchningen f\u00f6r denna imponerande s\u00e5maskin.<\/p>\n","protected":false},"excerpt":{"rendered":"<p>Horsch Maestro s\u00e5maskinen \u00e4r den senaste nyheten i BRUDERs jordbruksutbud.<\/p>\n","protected":false},"featured_media":0,"template":"","meta":{"content-type":"","_monsterinsights_skip_tracking":false,"_monsterinsights_sitenote_active":false,"_monsterinsights_sitenote_note":"","_monsterinsights_sitenote_category":0},"product_brand":[],"product_cat":[823],"product_tag":[],"brand":[],"target-group":[],"discontinued":[],"class_list":{"0":"post-1368393","1":"product","2":"type-product","3":"status-publish","5":"product_cat-bruder","7":"first","8":"outofstock","9":"taxable","10":"shipping-taxable","11":"product-type-simple"},"aioseo_notices":[],"_links":{"self":[{"href":"https:\/\/games.tactic.net\/sv\/wp-json\/wp\/v2\/product\/1368393","targetHints":{"allow":["GET"]}}],"collection":[{"href":"https:\/\/games.tactic.net\/sv\/wp-json\/wp\/v2\/product"}],"about":[{"href":"https:\/\/games.tactic.net\/sv\/wp-json\/wp\/v2\/types\/product"}],"wp:attachment":[{"href":"https:\/\/games.tactic.net\/sv\/wp-json\/wp\/v2\/media?parent=1368393"}],"wp:term":[{"taxonomy":"product_brand","embeddable":true,"href":"https:\/\/games.tactic.net\/sv\/wp-json\/wp\/v2\/product_brand?post=1368393"},{"taxonomy":"product_cat","embeddable":true,"href":"https:\/\/games.tactic.net\/sv\/wp-json\/wp\/v2\/product_cat?post=1368393"},{"taxonomy":"product_tag","embeddable":true,"href":"https:\/\/games.tactic.net\/sv\/wp-json\/wp\/v2\/product_tag?post=1368393"},{"taxonomy":"brand","embeddable":true,"href":"https:\/\/games.tactic.net\/sv\/wp-json\/wp\/v2\/brand?post=1368393"},{"taxonomy":"target-group","embeddable":true,"href":"https:\/\/games.tactic.net\/sv\/wp-json\/wp\/v2\/target-group?post=1368393"},{"taxonomy":"discontinued","embeddable":true,"href":"https:\/\/games.tactic.net\/sv\/wp-json\/wp\/v2\/discontinued?post=1368393"}],"curies":[{"name":"wp","href":"https:\/\/api.w.org\/{rel}","templated":true}]}}