{"id":1368385,"date":"2025-10-28T08:10:14","date_gmt":"2025-10-28T06:10:14","guid":{"rendered":"https:\/\/games.tactic.net\/tuote\/heros-play-and-learn-race-track\/"},"modified":"2025-11-18T15:45:10","modified_gmt":"2025-11-18T13:45:10","slug":"heros-play-and-learn-race-track","status":"publish","type":"product","link":"https:\/\/games.tactic.net\/sv\/tuote\/heros-play-and-learn-race-track\/","title":{"rendered":"Heros Play and Learn racerbana"},"content":{"rendered":"<p>Ett fyrav\u00e5nings bilrally erbjuder fartfylld underh\u00e5llning f\u00f6r barn! Bilarna susar ner fr\u00e5n \u00f6versta niv\u00e5n l\u00e4ngs en sicksackbana och bjuder p\u00e5 gl\u00e4dje och sp\u00e4nning. FSC\u00ae 100\u202f% certifierat \u2013 h\u00e5llbart och ansvarsfullt. Tillverkad i Tyskland.<\/p>\n","protected":false},"excerpt":{"rendered":"<p>Ett fyrav\u00e5nings bilrally erbjuder fartfylld underh\u00e5llning f\u00f6r barn!<\/p>\n","protected":false},"featured_media":0,"template":"","meta":{"content-type":"","_monsterinsights_skip_tracking":false,"_monsterinsights_sitenote_active":false,"_monsterinsights_sitenote_note":"","_monsterinsights_sitenote_category":0},"product_brand":[],"product_cat":[2340],"product_tag":[],"brand":[],"target-group":[],"discontinued":[],"class_list":{"0":"post-1368385","1":"product","2":"type-product","3":"status-publish","5":"product_cat-heros-wooden-toys","7":"first","8":"instock","9":"taxable","10":"shipping-taxable","11":"product-type-simple"},"aioseo_notices":[],"_links":{"self":[{"href":"https:\/\/games.tactic.net\/sv\/wp-json\/wp\/v2\/product\/1368385","targetHints":{"allow":["GET"]}}],"collection":[{"href":"https:\/\/games.tactic.net\/sv\/wp-json\/wp\/v2\/product"}],"about":[{"href":"https:\/\/games.tactic.net\/sv\/wp-json\/wp\/v2\/types\/product"}],"wp:attachment":[{"href":"https:\/\/games.tactic.net\/sv\/wp-json\/wp\/v2\/media?parent=1368385"}],"wp:term":[{"taxonomy":"product_brand","embeddable":true,"href":"https:\/\/games.tactic.net\/sv\/wp-json\/wp\/v2\/product_brand?post=1368385"},{"taxonomy":"product_cat","embeddable":true,"href":"https:\/\/games.tactic.net\/sv\/wp-json\/wp\/v2\/product_cat?post=1368385"},{"taxonomy":"product_tag","embeddable":true,"href":"https:\/\/games.tactic.net\/sv\/wp-json\/wp\/v2\/product_tag?post=1368385"},{"taxonomy":"brand","embeddable":true,"href":"https:\/\/games.tactic.net\/sv\/wp-json\/wp\/v2\/brand?post=1368385"},{"taxonomy":"target-group","embeddable":true,"href":"https:\/\/games.tactic.net\/sv\/wp-json\/wp\/v2\/target-group?post=1368385"},{"taxonomy":"discontinued","embeddable":true,"href":"https:\/\/games.tactic.net\/sv\/wp-json\/wp\/v2\/discontinued?post=1368385"}],"curies":[{"name":"wp","href":"https:\/\/api.w.org\/{rel}","templated":true}]}}