{"id":1368382,"date":"2025-10-28T08:09:56","date_gmt":"2025-10-28T06:09:56","guid":{"rendered":"https:\/\/games.tactic.net\/tuote\/heros-play-and-learn-stacking-puzzle-figures\/"},"modified":"2026-02-27T13:13:33","modified_gmt":"2026-02-27T11:13:33","slug":"heros-play-and-learn-stacking-puzzle-figures","status":"publish","type":"product","link":"https:\/\/games.tactic.net\/sv\/tuote\/heros-play-and-learn-stacking-puzzle-figures\/","title":{"rendered":"Heros Play and Learn stapelpussel figurer"},"content":{"rendered":"<p>Roliga, f\u00e4rgglada klossar i olika former staplas p\u00e5 en bas med tre pinnar. Med ansiktsklossarna kan barnen skapa skojiga figurer! Det h\u00e4r stapelspelet utvecklar finmotorik och \u00f6ga-hand-koordination. FSC\u00ae 100\u202f% certifierat boktr\u00e4 \u2013 ett h\u00e5llbart och ansvarsfullt val! Tillverkad i Tyskland.<\/p>\n","protected":false},"excerpt":{"rendered":"<p>Roliga, f\u00e4rgglada klossar i olika former staplas p\u00e5 en bas med tre pinnar. Med ansiktsklossarna kan barnen skapa skojiga figurer!<\/p>\n","protected":false},"featured_media":0,"template":"","meta":{"content-type":"","_monsterinsights_skip_tracking":false,"_monsterinsights_sitenote_active":false,"_monsterinsights_sitenote_note":"","_monsterinsights_sitenote_category":0},"product_brand":[],"product_cat":[2340],"product_tag":[],"brand":[],"target-group":[],"discontinued":[],"class_list":{"0":"post-1368382","1":"product","2":"type-product","3":"status-publish","5":"product_cat-heros-wooden-toys","7":"first","8":"instock","9":"taxable","10":"shipping-taxable","11":"product-type-simple"},"aioseo_notices":[],"_links":{"self":[{"href":"https:\/\/games.tactic.net\/sv\/wp-json\/wp\/v2\/product\/1368382","targetHints":{"allow":["GET"]}}],"collection":[{"href":"https:\/\/games.tactic.net\/sv\/wp-json\/wp\/v2\/product"}],"about":[{"href":"https:\/\/games.tactic.net\/sv\/wp-json\/wp\/v2\/types\/product"}],"wp:attachment":[{"href":"https:\/\/games.tactic.net\/sv\/wp-json\/wp\/v2\/media?parent=1368382"}],"wp:term":[{"taxonomy":"product_brand","embeddable":true,"href":"https:\/\/games.tactic.net\/sv\/wp-json\/wp\/v2\/product_brand?post=1368382"},{"taxonomy":"product_cat","embeddable":true,"href":"https:\/\/games.tactic.net\/sv\/wp-json\/wp\/v2\/product_cat?post=1368382"},{"taxonomy":"product_tag","embeddable":true,"href":"https:\/\/games.tactic.net\/sv\/wp-json\/wp\/v2\/product_tag?post=1368382"},{"taxonomy":"brand","embeddable":true,"href":"https:\/\/games.tactic.net\/sv\/wp-json\/wp\/v2\/brand?post=1368382"},{"taxonomy":"target-group","embeddable":true,"href":"https:\/\/games.tactic.net\/sv\/wp-json\/wp\/v2\/target-group?post=1368382"},{"taxonomy":"discontinued","embeddable":true,"href":"https:\/\/games.tactic.net\/sv\/wp-json\/wp\/v2\/discontinued?post=1368382"}],"curies":[{"name":"wp","href":"https:\/\/api.w.org\/{rel}","templated":true}]}}