{"id":1368370,"date":"2025-10-27T11:25:03","date_gmt":"2025-10-27T09:25:03","guid":{"rendered":"https:\/\/games.tactic.net\/tuote\/lumo-stars-moose-mari-plush-classic-15-cm\/"},"modified":"2025-10-27T11:25:03","modified_gmt":"2025-10-27T09:25:03","slug":"lumo-stars-moose-mari-plush-classic-15-cm","status":"publish","type":"product","link":"https:\/\/games.tactic.net\/sv\/tuote\/lumo-stars-moose-mari-plush-classic-15-cm\/","title":{"rendered":"Lumo Stars Moose Mari plush classic 15 cm"},"content":{"rendered":"<p>Hej, jag \u00e4r Mari, den rosa \u00e4lgen \u2013 mild, dr\u00f6mmande och full av glitter! Min mjuka rosa p\u00e4ls gl\u00f6der som sn\u00f6 i skymningen, och mitt hj\u00e4rta \u00e4r alltid \u00f6ppet f\u00f6r nya v\u00e4nner. Jag \u00e4lskar att titta p\u00e5 stj\u00e4rnorna och f\u00f6rvandla sm\u00e5 stunder till magi. Med mig k\u00e4nns varje dag som en saga!<\/p>\n","protected":false},"excerpt":{"rendered":"<p>Hej, jag \u00e4r Mari, den rosa \u00e4lgen \u2013 mild, dr\u00f6mmande och full av glitter!<\/p>\n","protected":false},"featured_media":0,"template":"","meta":{"content-type":"","_monsterinsights_skip_tracking":false,"_monsterinsights_sitenote_active":false,"_monsterinsights_sitenote_note":"","_monsterinsights_sitenote_category":0},"product_brand":[],"product_cat":[1564],"product_tag":[],"brand":[],"target-group":[],"discontinued":[],"class_list":{"0":"post-1368370","1":"product","2":"type-product","3":"status-publish","5":"product_cat-classic-gosedjur-lumo-stars-5","7":"first","8":"instock","9":"taxable","10":"shipping-taxable","11":"product-type-simple"},"aioseo_notices":[],"_links":{"self":[{"href":"https:\/\/games.tactic.net\/sv\/wp-json\/wp\/v2\/product\/1368370","targetHints":{"allow":["GET"]}}],"collection":[{"href":"https:\/\/games.tactic.net\/sv\/wp-json\/wp\/v2\/product"}],"about":[{"href":"https:\/\/games.tactic.net\/sv\/wp-json\/wp\/v2\/types\/product"}],"wp:attachment":[{"href":"https:\/\/games.tactic.net\/sv\/wp-json\/wp\/v2\/media?parent=1368370"}],"wp:term":[{"taxonomy":"product_brand","embeddable":true,"href":"https:\/\/games.tactic.net\/sv\/wp-json\/wp\/v2\/product_brand?post=1368370"},{"taxonomy":"product_cat","embeddable":true,"href":"https:\/\/games.tactic.net\/sv\/wp-json\/wp\/v2\/product_cat?post=1368370"},{"taxonomy":"product_tag","embeddable":true,"href":"https:\/\/games.tactic.net\/sv\/wp-json\/wp\/v2\/product_tag?post=1368370"},{"taxonomy":"brand","embeddable":true,"href":"https:\/\/games.tactic.net\/sv\/wp-json\/wp\/v2\/brand?post=1368370"},{"taxonomy":"target-group","embeddable":true,"href":"https:\/\/games.tactic.net\/sv\/wp-json\/wp\/v2\/target-group?post=1368370"},{"taxonomy":"discontinued","embeddable":true,"href":"https:\/\/games.tactic.net\/sv\/wp-json\/wp\/v2\/discontinued?post=1368370"}],"curies":[{"name":"wp","href":"https:\/\/api.w.org\/{rel}","templated":true}]}}