{"id":1368369,"date":"2025-10-27T11:24:57","date_gmt":"2025-10-27T09:24:57","guid":{"rendered":"https:\/\/games.tactic.net\/tuote\/lumo-stars-moose-kari-plush-classic-15-cm\/"},"modified":"2025-10-27T11:24:57","modified_gmt":"2025-10-27T09:24:57","slug":"lumo-stars-moose-kari-plush-classic-15-cm","status":"publish","type":"product","link":"https:\/\/games.tactic.net\/sv\/tuote\/lumo-stars-moose-kari-plush-classic-15-cm\/","title":{"rendered":"Lumo Stars Moose Kari plush classic 15 cm"},"content":{"rendered":"<p>Jag \u00e4r Kari, \u00e4lgen \u2013 lugn, stolt och en verklig skogens v\u00e4ktare. Mina stora horn ser imponerande ut, men det \u00e4r mitt v\u00e4nliga hj\u00e4rta som g\u00f6r mig speciell. Jag \u00e4lskar l\u00e5ngsamma promenader under tr\u00e4den och att dela stilla stunder med mina v\u00e4nner. Naturen \u00e4r mitt hem, och v\u00e4nlighet \u00e4r min v\u00e4g.<\/p>\n","protected":false},"excerpt":{"rendered":"<p>Jag \u00e4r Kari, \u00e4lgen \u2013 lugn, stolt och en verklig skogens v\u00e4ktare.<\/p>\n","protected":false},"featured_media":0,"template":"","meta":{"content-type":"","_monsterinsights_skip_tracking":false,"_monsterinsights_sitenote_active":false,"_monsterinsights_sitenote_note":"","_monsterinsights_sitenote_category":0},"product_brand":[],"product_cat":[1564],"product_tag":[],"brand":[],"target-group":[],"discontinued":[],"class_list":{"0":"post-1368369","1":"product","2":"type-product","3":"status-publish","5":"product_cat-classic-gosedjur-lumo-stars-5","7":"first","8":"instock","9":"taxable","10":"shipping-taxable","11":"product-type-simple"},"aioseo_notices":[],"_links":{"self":[{"href":"https:\/\/games.tactic.net\/sv\/wp-json\/wp\/v2\/product\/1368369","targetHints":{"allow":["GET"]}}],"collection":[{"href":"https:\/\/games.tactic.net\/sv\/wp-json\/wp\/v2\/product"}],"about":[{"href":"https:\/\/games.tactic.net\/sv\/wp-json\/wp\/v2\/types\/product"}],"wp:attachment":[{"href":"https:\/\/games.tactic.net\/sv\/wp-json\/wp\/v2\/media?parent=1368369"}],"wp:term":[{"taxonomy":"product_brand","embeddable":true,"href":"https:\/\/games.tactic.net\/sv\/wp-json\/wp\/v2\/product_brand?post=1368369"},{"taxonomy":"product_cat","embeddable":true,"href":"https:\/\/games.tactic.net\/sv\/wp-json\/wp\/v2\/product_cat?post=1368369"},{"taxonomy":"product_tag","embeddable":true,"href":"https:\/\/games.tactic.net\/sv\/wp-json\/wp\/v2\/product_tag?post=1368369"},{"taxonomy":"brand","embeddable":true,"href":"https:\/\/games.tactic.net\/sv\/wp-json\/wp\/v2\/brand?post=1368369"},{"taxonomy":"target-group","embeddable":true,"href":"https:\/\/games.tactic.net\/sv\/wp-json\/wp\/v2\/target-group?post=1368369"},{"taxonomy":"discontinued","embeddable":true,"href":"https:\/\/games.tactic.net\/sv\/wp-json\/wp\/v2\/discontinued?post=1368369"}],"curies":[{"name":"wp","href":"https:\/\/api.w.org\/{rel}","templated":true}]}}