{"id":1368264,"date":"2025-10-18T14:33:41","date_gmt":"2025-10-18T11:33:41","guid":{"rendered":"https:\/\/games.tactic.net\/tuote\/bex-giant-yatzy-family-fsc-certified\/"},"modified":"2025-10-18T14:33:41","modified_gmt":"2025-10-18T11:33:41","slug":"bex-giant-yatzy-family-fsc-certified","status":"publish","type":"product","link":"https:\/\/games.tactic.net\/sv\/tuote\/bex-giant-yatzy-family-fsc-certified\/","title":{"rendered":"Bex Giant Yatzy Family (FSC Certified)"},"content":{"rendered":"<p>Giant Yatzy. Det klassiska t\u00e4rningsspelet i storformat, anpassat f\u00f6r utomhusbruk! De stora tr\u00e4t\u00e4rningarna \u00e4r l\u00e4tta att se, roliga att kasta och g\u00f6r spelet sp\u00e4nnande. Inneh\u00e5ller: 5 st t\u00e4rningar 5,5 cm, 1 st po\u00e4ngblock, regler. Tillverkat i h\u00f6gkvalitativt furu, FSC\u00ae-certifierat.<\/p>\n","protected":false},"excerpt":{"rendered":"<p>J\u00e4tten Yatzy Family (FSC-certifierad)<\/p>\n","protected":false},"featured_media":0,"template":"","meta":{"content-type":"","_monsterinsights_skip_tracking":false,"_monsterinsights_sitenote_active":false,"_monsterinsights_sitenote_note":"","_monsterinsights_sitenote_category":0},"product_brand":[],"product_cat":[2333],"product_tag":[],"brand":[],"target-group":[],"discontinued":[],"class_list":{"0":"post-1368264","1":"product","2":"type-product","3":"status-publish","5":"product_cat-bex-sport-utomhus-spel","7":"first","8":"outofstock","9":"taxable","10":"shipping-taxable","11":"product-type-simple"},"aioseo_notices":[],"_links":{"self":[{"href":"https:\/\/games.tactic.net\/sv\/wp-json\/wp\/v2\/product\/1368264","targetHints":{"allow":["GET"]}}],"collection":[{"href":"https:\/\/games.tactic.net\/sv\/wp-json\/wp\/v2\/product"}],"about":[{"href":"https:\/\/games.tactic.net\/sv\/wp-json\/wp\/v2\/types\/product"}],"wp:attachment":[{"href":"https:\/\/games.tactic.net\/sv\/wp-json\/wp\/v2\/media?parent=1368264"}],"wp:term":[{"taxonomy":"product_brand","embeddable":true,"href":"https:\/\/games.tactic.net\/sv\/wp-json\/wp\/v2\/product_brand?post=1368264"},{"taxonomy":"product_cat","embeddable":true,"href":"https:\/\/games.tactic.net\/sv\/wp-json\/wp\/v2\/product_cat?post=1368264"},{"taxonomy":"product_tag","embeddable":true,"href":"https:\/\/games.tactic.net\/sv\/wp-json\/wp\/v2\/product_tag?post=1368264"},{"taxonomy":"brand","embeddable":true,"href":"https:\/\/games.tactic.net\/sv\/wp-json\/wp\/v2\/brand?post=1368264"},{"taxonomy":"target-group","embeddable":true,"href":"https:\/\/games.tactic.net\/sv\/wp-json\/wp\/v2\/target-group?post=1368264"},{"taxonomy":"discontinued","embeddable":true,"href":"https:\/\/games.tactic.net\/sv\/wp-json\/wp\/v2\/discontinued?post=1368264"}],"curies":[{"name":"wp","href":"https:\/\/api.w.org\/{rel}","templated":true}]}}