{"id":1368258,"date":"2025-10-18T13:15:53","date_gmt":"2025-10-18T10:15:53","guid":{"rendered":"https:\/\/games.tactic.net\/tuote\/lets-learn-our-amazing-body\/"},"modified":"2025-10-18T13:15:53","modified_gmt":"2025-10-18T10:15:53","slug":"lets-learn-our-amazing-body","status":"publish","type":"product","link":"https:\/\/games.tactic.net\/sv\/tuote\/lets-learn-our-amazing-body\/","title":{"rendered":"Let\u00b4s learn Our Amazing Body"},"content":{"rendered":"<p>Nu ger vi oss ut p\u00e5 en sp\u00e4nnande resa genom m\u00e4nniskokroppen! Den som f\u00f6rst kommer i m\u00e5l blir en doktor! Flytta din figur p\u00e5 spelbr\u00e4det, svara p\u00e5 fr\u00e5gor om m\u00e4nniskokroppen och hur den fungerar, och g\u00f6r olika tr\u00e4ningsr\u00f6relser sj\u00e4lv! D\u00e5 du lyckas med en uppgift kommer du n\u00e4rmare ditt m\u00e5l, men de andra spelarna f\u00f6rs\u00f6ker vara \u00e4nnu snabbare!<\/p>\n<p><img decoding=\"async\" src=\"https:\\\\\\\\games.tactic.net\\\\pic\\\\logo\\\\Awarded_concept.png\"><\/p>\n","protected":false},"excerpt":{"rendered":"<p>Nu ger vi oss ut p\u00e5 en sp\u00e4nnande resa genom m\u00e4nniskokroppen! Den som f\u00f6rst kommer i m\u00e5l blir en doktor! Flytta din figur p\u00e5 spelbr\u00e4det, svara p\u00e5 fr\u00e5gor om m\u00e4nniskokroppen och hur den fungerar, och g\u00f6r olika tr\u00e4ningsr\u00f6relser sj\u00e4lv! D\u00e5 du lyckas med en uppgift kommer du n\u00e4rmare ditt m\u00e5l, men de andra spelarna f\u00f6rs\u00f6ker [&hellip;]<\/p>\n","protected":false},"featured_media":0,"template":"","meta":{"content-type":"","_monsterinsights_skip_tracking":false,"_monsterinsights_sitenote_active":false,"_monsterinsights_sitenote_note":"","_monsterinsights_sitenote_category":0},"product_brand":[],"product_cat":[1462,1519],"product_tag":[1235,1254],"brand":[{"id":864,"name":"Let's Learn","slug":"letslearn-sv"}],"target-group":[],"discontinued":[],"class_list":{"0":"post-1368258","1":"product","2":"type-product","3":"status-publish","5":"product_cat-bradspel-barnspel","6":"product_cat-lar-spel-barnspel","7":"product_tag-kombinera-sv","8":"product_tag-pedagogisk-sv","9":"brand-letslearn-sv","11":"first","12":"instock","13":"taxable","14":"shipping-taxable","15":"product-type-simple"},"aioseo_notices":[],"_links":{"self":[{"href":"https:\/\/games.tactic.net\/sv\/wp-json\/wp\/v2\/product\/1368258","targetHints":{"allow":["GET"]}}],"collection":[{"href":"https:\/\/games.tactic.net\/sv\/wp-json\/wp\/v2\/product"}],"about":[{"href":"https:\/\/games.tactic.net\/sv\/wp-json\/wp\/v2\/types\/product"}],"wp:attachment":[{"href":"https:\/\/games.tactic.net\/sv\/wp-json\/wp\/v2\/media?parent=1368258"}],"wp:term":[{"taxonomy":"product_brand","embeddable":true,"href":"https:\/\/games.tactic.net\/sv\/wp-json\/wp\/v2\/product_brand?post=1368258"},{"taxonomy":"product_cat","embeddable":true,"href":"https:\/\/games.tactic.net\/sv\/wp-json\/wp\/v2\/product_cat?post=1368258"},{"taxonomy":"product_tag","embeddable":true,"href":"https:\/\/games.tactic.net\/sv\/wp-json\/wp\/v2\/product_tag?post=1368258"},{"taxonomy":"brand","embeddable":true,"href":"https:\/\/games.tactic.net\/sv\/wp-json\/wp\/v2\/brand?post=1368258"},{"taxonomy":"target-group","embeddable":true,"href":"https:\/\/games.tactic.net\/sv\/wp-json\/wp\/v2\/target-group?post=1368258"},{"taxonomy":"discontinued","embeddable":true,"href":"https:\/\/games.tactic.net\/sv\/wp-json\/wp\/v2\/discontinued?post=1368258"}],"curies":[{"name":"wp","href":"https:\/\/api.w.org\/{rel}","templated":true}]}}