{"id":1368257,"date":"2025-10-18T13:10:09","date_gmt":"2025-10-18T10:10:09","guid":{"rendered":"https:\/\/games.tactic.net\/tuote\/tactic-choco-mumin-bradspel\/"},"modified":"2025-10-18T13:10:09","modified_gmt":"2025-10-18T10:10:09","slug":"tactic-choco-mumin-bradspel","status":"publish","type":"product","link":"https:\/\/games.tactic.net\/sv\/tuote\/tactic-choco-mumin-bradspel\/","title":{"rendered":"Tactic Choco Mumin br\u00e4dspel"},"content":{"rendered":"<p>Muminmamman g\u00f6r fina och goda choklad- bitar till Mumintrollet och alla hans v\u00e4nner. Hon fyller chkladbitarna med saftiga bl\u00e5b\u00e4r och jordgubbar. De blir s\u00e5 goda s\u00e5 Stinky kan inte h\u00e5lla sina l\u00e5nga fingar borta!<\/p>\n<p>Leta efter chokladbitarna som \u00e4r fyllda med jordgubbar och bl\u00e5b\u00e4r, men se upp f\u00f6r Stinky som vill stj\u00e4la dina chokladbitar! Ett roligt minnesspel med pop-upp-t\u00e4rning! Spelaren med flest chokladbitar n\u00e4r spelet \u00e4r slut har vunnit.<\/p>\n","protected":false},"excerpt":{"rendered":"<p>Muminmamman g\u00f6r fina och goda choklad- bitar till Mumintrollet och alla hans v\u00e4nner. Hon fyller chkladbitarna med saftiga bl\u00e5b\u00e4r och jordgubbar. De blir s\u00e5 goda s\u00e5 Stinky kan inte h\u00e5lla sina l\u00e5nga fingar borta! Leta efter chokladbitarna som \u00e4r fyllda med jordgubbar och bl\u00e5b\u00e4r, men se upp f\u00f6r Stinky som vill stj\u00e4la dina chokladbitar! Ett [&hellip;]<\/p>\n","protected":false},"featured_media":0,"template":"","meta":{"content-type":"","_monsterinsights_skip_tracking":false,"_monsterinsights_sitenote_active":false,"_monsterinsights_sitenote_note":"","_monsterinsights_sitenote_category":0},"product_brand":[],"product_cat":[303],"product_tag":[],"brand":[],"target-group":[],"discontinued":[],"class_list":{"0":"post-1368257","1":"product","2":"type-product","3":"status-publish","5":"product_cat-barnspel","7":"first","8":"instock","9":"taxable","10":"shipping-taxable","11":"product-type-simple"},"aioseo_notices":[],"_links":{"self":[{"href":"https:\/\/games.tactic.net\/sv\/wp-json\/wp\/v2\/product\/1368257","targetHints":{"allow":["GET"]}}],"collection":[{"href":"https:\/\/games.tactic.net\/sv\/wp-json\/wp\/v2\/product"}],"about":[{"href":"https:\/\/games.tactic.net\/sv\/wp-json\/wp\/v2\/types\/product"}],"wp:attachment":[{"href":"https:\/\/games.tactic.net\/sv\/wp-json\/wp\/v2\/media?parent=1368257"}],"wp:term":[{"taxonomy":"product_brand","embeddable":true,"href":"https:\/\/games.tactic.net\/sv\/wp-json\/wp\/v2\/product_brand?post=1368257"},{"taxonomy":"product_cat","embeddable":true,"href":"https:\/\/games.tactic.net\/sv\/wp-json\/wp\/v2\/product_cat?post=1368257"},{"taxonomy":"product_tag","embeddable":true,"href":"https:\/\/games.tactic.net\/sv\/wp-json\/wp\/v2\/product_tag?post=1368257"},{"taxonomy":"brand","embeddable":true,"href":"https:\/\/games.tactic.net\/sv\/wp-json\/wp\/v2\/brand?post=1368257"},{"taxonomy":"target-group","embeddable":true,"href":"https:\/\/games.tactic.net\/sv\/wp-json\/wp\/v2\/target-group?post=1368257"},{"taxonomy":"discontinued","embeddable":true,"href":"https:\/\/games.tactic.net\/sv\/wp-json\/wp\/v2\/discontinued?post=1368257"}],"curies":[{"name":"wp","href":"https:\/\/api.w.org\/{rel}","templated":true}]}}