{"id":1368252,"date":"2025-10-18T12:49:36","date_gmt":"2025-10-18T09:49:36","guid":{"rendered":"https:\/\/games.tactic.net\/tuote\/gamesson-friendly-dart-game\/"},"modified":"2025-10-18T12:49:36","modified_gmt":"2025-10-18T09:49:36","slug":"gamesson-friendly-dart-game","status":"publish","type":"product","link":"https:\/\/games.tactic.net\/sv\/tuote\/gamesson-friendly-dart-game\/","title":{"rendered":"Gamesson Family Dart Game"},"content":{"rendered":"<p>Spela en v\u00e4nskaplig omg\u00e5ng dart med detta dartset! Vill du ha variation kan du enkelt v\u00e4nda tavlan och anv\u00e4nda den som m\u00e5lspel ist\u00e4llet.<br \/>\nSetet inneh\u00e5ller: 1 darttavla i papp (olika spel p\u00e5 de tv\u00e5 sidorna av tavlan), 2 set m\u00e4ssingpilar, avtagbara skaft och flights. M\u00e5tt p\u00e5 tavlan: 45,7 \u00d7 2,5 cm.<\/p>\n","protected":false},"excerpt":{"rendered":"<p>Catdart V\u00e4nlig dartpilssats<\/p>\n","protected":false},"featured_media":0,"template":"","meta":{"content-type":"","_monsterinsights_skip_tracking":false,"_monsterinsights_sitenote_active":false,"_monsterinsights_sitenote_note":"","_monsterinsights_sitenote_category":0},"product_brand":[],"product_cat":[2333],"product_tag":[1249],"brand":[{"id":2336,"name":"BEX Sport","slug":"bex-sport"}],"target-group":[],"discontinued":[],"class_list":{"0":"post-1368252","1":"product","2":"type-product","3":"status-publish","5":"product_cat-bex-sport-utomhus-spel","6":"product_tag-skicklighet-sv","7":"brand-bex-sport","9":"first","10":"outofstock","11":"taxable","12":"shipping-taxable","13":"product-type-simple"},"aioseo_notices":[],"_links":{"self":[{"href":"https:\/\/games.tactic.net\/sv\/wp-json\/wp\/v2\/product\/1368252","targetHints":{"allow":["GET"]}}],"collection":[{"href":"https:\/\/games.tactic.net\/sv\/wp-json\/wp\/v2\/product"}],"about":[{"href":"https:\/\/games.tactic.net\/sv\/wp-json\/wp\/v2\/types\/product"}],"wp:attachment":[{"href":"https:\/\/games.tactic.net\/sv\/wp-json\/wp\/v2\/media?parent=1368252"}],"wp:term":[{"taxonomy":"product_brand","embeddable":true,"href":"https:\/\/games.tactic.net\/sv\/wp-json\/wp\/v2\/product_brand?post=1368252"},{"taxonomy":"product_cat","embeddable":true,"href":"https:\/\/games.tactic.net\/sv\/wp-json\/wp\/v2\/product_cat?post=1368252"},{"taxonomy":"product_tag","embeddable":true,"href":"https:\/\/games.tactic.net\/sv\/wp-json\/wp\/v2\/product_tag?post=1368252"},{"taxonomy":"brand","embeddable":true,"href":"https:\/\/games.tactic.net\/sv\/wp-json\/wp\/v2\/brand?post=1368252"},{"taxonomy":"target-group","embeddable":true,"href":"https:\/\/games.tactic.net\/sv\/wp-json\/wp\/v2\/target-group?post=1368252"},{"taxonomy":"discontinued","embeddable":true,"href":"https:\/\/games.tactic.net\/sv\/wp-json\/wp\/v2\/discontinued?post=1368252"}],"curies":[{"name":"wp","href":"https:\/\/api.w.org\/{rel}","templated":true}]}}