{"id":1368156,"date":"2025-10-07T15:09:15","date_gmt":"2025-10-07T12:09:15","guid":{"rendered":"https:\/\/games.tactic.net\/tuote\/tactic-puzzle-lovers-gingerbread-cuties-200-pcs-pussel\/"},"modified":"2025-10-07T15:09:15","modified_gmt":"2025-10-07T12:09:15","slug":"tactic-puzzle-lovers-gingerbread-cuties-200-pcs-pussel","status":"publish","type":"product","link":"https:\/\/games.tactic.net\/sv\/tuote\/tactic-puzzle-lovers-gingerbread-cuties-200-pcs-pussel\/","title":{"rendered":"Tactic Puzzle Lovers Gingerbread Cuties 200 pcs pussel"},"content":{"rendered":"<p>Puzzle Lovers 200 \u00e4r en linje med roliga pussel f\u00f6r b\u00e5de nyb\u00f6rjare och verkliga pussel\u00e4lskare. Varje pussel best\u00e5r av 200 h\u00f6gkvalitativa bitar.<\/p>\n","protected":false},"excerpt":{"rendered":"<p>Tactic Puzzle Lovers Gingerbread Cuties 200 pcs pussel.<\/p>\n","protected":false},"featured_media":0,"template":"","meta":{"content-type":"","_monsterinsights_skip_tracking":false,"_monsterinsights_sitenote_active":false,"_monsterinsights_sitenote_note":"","_monsterinsights_sitenote_category":0},"product_brand":[],"product_cat":[2146],"product_tag":[],"brand":[{"id":605,"name":"PuzzleLovers","slug":"puzzlelovers_se"}],"target-group":[],"discontinued":[],"class_list":{"0":"post-1368156","1":"product","2":"type-product","3":"status-publish","5":"product_cat-200-bitar","6":"brand-puzzlelovers_se","8":"first","9":"instock","10":"taxable","11":"shipping-taxable","12":"product-type-simple"},"aioseo_notices":[],"_links":{"self":[{"href":"https:\/\/games.tactic.net\/sv\/wp-json\/wp\/v2\/product\/1368156","targetHints":{"allow":["GET"]}}],"collection":[{"href":"https:\/\/games.tactic.net\/sv\/wp-json\/wp\/v2\/product"}],"about":[{"href":"https:\/\/games.tactic.net\/sv\/wp-json\/wp\/v2\/types\/product"}],"wp:attachment":[{"href":"https:\/\/games.tactic.net\/sv\/wp-json\/wp\/v2\/media?parent=1368156"}],"wp:term":[{"taxonomy":"product_brand","embeddable":true,"href":"https:\/\/games.tactic.net\/sv\/wp-json\/wp\/v2\/product_brand?post=1368156"},{"taxonomy":"product_cat","embeddable":true,"href":"https:\/\/games.tactic.net\/sv\/wp-json\/wp\/v2\/product_cat?post=1368156"},{"taxonomy":"product_tag","embeddable":true,"href":"https:\/\/games.tactic.net\/sv\/wp-json\/wp\/v2\/product_tag?post=1368156"},{"taxonomy":"brand","embeddable":true,"href":"https:\/\/games.tactic.net\/sv\/wp-json\/wp\/v2\/brand?post=1368156"},{"taxonomy":"target-group","embeddable":true,"href":"https:\/\/games.tactic.net\/sv\/wp-json\/wp\/v2\/target-group?post=1368156"},{"taxonomy":"discontinued","embeddable":true,"href":"https:\/\/games.tactic.net\/sv\/wp-json\/wp\/v2\/discontinued?post=1368156"}],"curies":[{"name":"wp","href":"https:\/\/api.w.org\/{rel}","templated":true}]}}