{"id":1368131,"date":"2025-10-01T11:08:15","date_gmt":"2025-10-01T08:08:15","guid":{"rendered":"https:\/\/games.tactic.net\/tuote\/tactic-wanna-bet-jackpot\/"},"modified":"2026-03-06T08:55:18","modified_gmt":"2026-03-06T06:55:18","slug":"tactic-wanna-bet-jackpot","status":"archive","type":"product","link":"https:\/\/games.tactic.net\/sv\/tuote\/tactic-wanna-bet-jackpot\/","title":{"rendered":"Tactic Ska vi sl\u00e5 vad? Jackpot"},"content":{"rendered":"<p>Satsa h\u00f6gt och vinn \u00e4nnu mer!<br \/>\nDet \u00e4r dags att hitta din lagkamrat och utmana b\u00e5de hj\u00e4rnan och kroppen. Insatsen \u00e4r h\u00f6gre \u00e4n<br \/>\nn\u00e5gonsin, men det \u00e4r bel\u00f6ningen ocks\u00e5. G\u00f6r er redo att spela tillsammans som aldrig tidigare. Du ska lita p\u00e5 dina egna och din partners f\u00f6rm\u00e5gor och kunskaper f\u00f6r att klara de sp\u00e4nnande utmaningarna. Satsa p\u00e5 hur de andra spelarna klarar sig och jaga jackpotten f\u00f6r att vinna stort. Det ultimata priset v\u00e4ntar. \u00c4r du beredd att anta utmaningen?<\/p>\n","protected":false},"excerpt":{"rendered":"<p>Satsa h\u00f6gt och vinn \u00e4nnu mer! Det \u00e4r dags att hitta din lagkamrat och utmana b\u00e5de hj\u00e4rnan och kroppen. Insatsen \u00e4r h\u00f6gre \u00e4n n\u00e5gonsin, men det \u00e4r bel\u00f6ningen ocks\u00e5. G\u00f6r er redo att spela tillsammans som aldrig tidigare. Du ska lita p\u00e5 dina egna och din partners f\u00f6rm\u00e5gor och kunskaper f\u00f6r att klara de sp\u00e4nnande [&hellip;]<\/p>\n","protected":false},"featured_media":0,"template":"","meta":{"content-type":"","_monsterinsights_skip_tracking":false,"_monsterinsights_sitenote_active":false,"_monsterinsights_sitenote_note":"","_monsterinsights_sitenote_category":0},"product_brand":[],"product_cat":[365],"product_tag":[845],"brand":[],"target-group":[],"discontinued":[],"class_list":{"0":"post-1368131","1":"product","2":"type-product","3":"status-archive","5":"product_cat-familjespel","6":"product_tag-tillsammans","8":"first","9":"outofstock","10":"taxable","11":"shipping-taxable","12":"product-type-simple"},"aioseo_notices":[],"_links":{"self":[{"href":"https:\/\/games.tactic.net\/sv\/wp-json\/wp\/v2\/product\/1368131","targetHints":{"allow":["GET"]}}],"collection":[{"href":"https:\/\/games.tactic.net\/sv\/wp-json\/wp\/v2\/product"}],"about":[{"href":"https:\/\/games.tactic.net\/sv\/wp-json\/wp\/v2\/types\/product"}],"wp:attachment":[{"href":"https:\/\/games.tactic.net\/sv\/wp-json\/wp\/v2\/media?parent=1368131"}],"wp:term":[{"taxonomy":"product_brand","embeddable":true,"href":"https:\/\/games.tactic.net\/sv\/wp-json\/wp\/v2\/product_brand?post=1368131"},{"taxonomy":"product_cat","embeddable":true,"href":"https:\/\/games.tactic.net\/sv\/wp-json\/wp\/v2\/product_cat?post=1368131"},{"taxonomy":"product_tag","embeddable":true,"href":"https:\/\/games.tactic.net\/sv\/wp-json\/wp\/v2\/product_tag?post=1368131"},{"taxonomy":"brand","embeddable":true,"href":"https:\/\/games.tactic.net\/sv\/wp-json\/wp\/v2\/brand?post=1368131"},{"taxonomy":"target-group","embeddable":true,"href":"https:\/\/games.tactic.net\/sv\/wp-json\/wp\/v2\/target-group?post=1368131"},{"taxonomy":"discontinued","embeddable":true,"href":"https:\/\/games.tactic.net\/sv\/wp-json\/wp\/v2\/discontinued?post=1368131"}],"curies":[{"name":"wp","href":"https:\/\/api.w.org\/{rel}","templated":true}]}}