{"id":1368022,"date":"2025-09-18T09:07:51","date_gmt":"2025-09-18T06:07:51","guid":{"rendered":"https:\/\/games.tactic.net\/tuote\/tactic-kimble-moomin-bradspel\/"},"modified":"2025-09-18T09:07:51","modified_gmt":"2025-09-18T06:07:51","slug":"tactic-kimble-moomin-bradspel","status":"publish","type":"product","link":"https:\/\/games.tactic.net\/sv\/tuote\/tactic-kimble-moomin-bradspel\/","title":{"rendered":"Tactic Kimble Moomin br\u00e4dspel"},"content":{"rendered":"<p>F\u00f6lj med i Mumins v\u00e4rld! Den f\u00f6rsta spelaren som lyckas flytta alla sina spelfigurer runt spelplanen \u00e4r vinnaren i detta roliga och fantasifulla Muminspel.<\/p>\n","protected":false},"excerpt":{"rendered":"<p>F\u00f6lj med i Mumins v\u00e4rld! Den f\u00f6rsta spelaren som lyckas flytta alla sina spelfigurer runt spelplanen \u00e4r vinnaren i detta roliga och fantasifulla Muminspel.<\/p>\n","protected":false},"featured_media":0,"template":"","meta":{"content-type":"","_monsterinsights_skip_tracking":false,"_monsterinsights_sitenote_active":false,"_monsterinsights_sitenote_note":"","_monsterinsights_sitenote_category":0},"product_brand":[],"product_cat":[1462],"product_tag":[1265,845,857],"brand":[{"id":1272,"name":"Kimble","slug":"kimble-3"}],"target-group":[],"discontinued":[],"class_list":{"0":"post-1368022","1":"product","2":"type-product","3":"status-publish","5":"product_cat-bradspel-barnspel","6":"product_tag-taktik-sv","7":"product_tag-tillsammans","8":"product_tag-tur","9":"brand-kimble-3","11":"first","12":"instock","13":"taxable","14":"shipping-taxable","15":"product-type-simple"},"aioseo_notices":[],"_links":{"self":[{"href":"https:\/\/games.tactic.net\/sv\/wp-json\/wp\/v2\/product\/1368022","targetHints":{"allow":["GET"]}}],"collection":[{"href":"https:\/\/games.tactic.net\/sv\/wp-json\/wp\/v2\/product"}],"about":[{"href":"https:\/\/games.tactic.net\/sv\/wp-json\/wp\/v2\/types\/product"}],"wp:attachment":[{"href":"https:\/\/games.tactic.net\/sv\/wp-json\/wp\/v2\/media?parent=1368022"}],"wp:term":[{"taxonomy":"product_brand","embeddable":true,"href":"https:\/\/games.tactic.net\/sv\/wp-json\/wp\/v2\/product_brand?post=1368022"},{"taxonomy":"product_cat","embeddable":true,"href":"https:\/\/games.tactic.net\/sv\/wp-json\/wp\/v2\/product_cat?post=1368022"},{"taxonomy":"product_tag","embeddable":true,"href":"https:\/\/games.tactic.net\/sv\/wp-json\/wp\/v2\/product_tag?post=1368022"},{"taxonomy":"brand","embeddable":true,"href":"https:\/\/games.tactic.net\/sv\/wp-json\/wp\/v2\/brand?post=1368022"},{"taxonomy":"target-group","embeddable":true,"href":"https:\/\/games.tactic.net\/sv\/wp-json\/wp\/v2\/target-group?post=1368022"},{"taxonomy":"discontinued","embeddable":true,"href":"https:\/\/games.tactic.net\/sv\/wp-json\/wp\/v2\/discontinued?post=1368022"}],"curies":[{"name":"wp","href":"https:\/\/api.w.org\/{rel}","templated":true}]}}