{"id":1368016,"date":"2025-09-17T08:25:12","date_gmt":"2025-09-17T05:25:12","guid":{"rendered":"https:\/\/games.tactic.net\/tuote\/plasto-frontlastare-dumper-sortering\/"},"modified":"2026-04-09T15:48:31","modified_gmt":"2026-04-09T12:48:31","slug":"plasto-frontlastare-dumper-sortering","status":"publish","type":"product","link":"https:\/\/games.tactic.net\/sv\/tuote\/plasto-frontlastare-dumper-sortering\/","title":{"rendered":"PLASTO Frontlastare, dumper sortering"},"content":{"rendered":"<p>Plasto fordonssortering: h\u00e5llbar dumper och frontlastare. Beh\u00e4ndig storlek p\u00e5 fordonen! L\u00e4ngd 23 cm. V\u00e4lj din favorit eller b\u00e5da! \u00c5ldersrekommendation 1+. Tillverkad i Finland.<\/p>\n","protected":false},"excerpt":{"rendered":"<p>Plasto fordonssortering: h\u00e5llbar dumper och frontlastare. Beh\u00e4ndig storlek p\u00e5 fordonen! L\u00e4ngd 23 cm. V\u00e4lj din favorit eller b\u00e5da! \u00c5ldersrekommendation 1+. Tillverkad i Finland.<\/p>\n","protected":false},"featured_media":0,"template":"","meta":{"content-type":"","_monsterinsights_skip_tracking":false,"_monsterinsights_sitenote_active":false,"_monsterinsights_sitenote_note":"","_monsterinsights_sitenote_category":0},"product_brand":[],"product_cat":[2305],"product_tag":[],"brand":[{"id":2317,"name":"Plasto","slug":"plasto-5"}],"target-group":[],"discontinued":[],"class_list":{"0":"post-1368016","1":"product","2":"type-product","3":"status-publish","5":"product_cat-plasto","6":"brand-plasto-5","8":"first","9":"outofstock","10":"taxable","11":"shipping-taxable","12":"product-type-simple"},"aioseo_notices":[],"_links":{"self":[{"href":"https:\/\/games.tactic.net\/sv\/wp-json\/wp\/v2\/product\/1368016","targetHints":{"allow":["GET"]}}],"collection":[{"href":"https:\/\/games.tactic.net\/sv\/wp-json\/wp\/v2\/product"}],"about":[{"href":"https:\/\/games.tactic.net\/sv\/wp-json\/wp\/v2\/types\/product"}],"wp:attachment":[{"href":"https:\/\/games.tactic.net\/sv\/wp-json\/wp\/v2\/media?parent=1368016"}],"wp:term":[{"taxonomy":"product_brand","embeddable":true,"href":"https:\/\/games.tactic.net\/sv\/wp-json\/wp\/v2\/product_brand?post=1368016"},{"taxonomy":"product_cat","embeddable":true,"href":"https:\/\/games.tactic.net\/sv\/wp-json\/wp\/v2\/product_cat?post=1368016"},{"taxonomy":"product_tag","embeddable":true,"href":"https:\/\/games.tactic.net\/sv\/wp-json\/wp\/v2\/product_tag?post=1368016"},{"taxonomy":"brand","embeddable":true,"href":"https:\/\/games.tactic.net\/sv\/wp-json\/wp\/v2\/brand?post=1368016"},{"taxonomy":"target-group","embeddable":true,"href":"https:\/\/games.tactic.net\/sv\/wp-json\/wp\/v2\/target-group?post=1368016"},{"taxonomy":"discontinued","embeddable":true,"href":"https:\/\/games.tactic.net\/sv\/wp-json\/wp\/v2\/discontinued?post=1368016"}],"curies":[{"name":"wp","href":"https:\/\/api.w.org\/{rel}","templated":true}]}}