{"id":1368010,"date":"2025-09-15T17:18:40","date_gmt":"2025-09-15T14:18:40","guid":{"rendered":"https:\/\/games.tactic.net\/tuote\/volvo-excavator-ecr40\/"},"modified":"2025-09-15T17:18:40","modified_gmt":"2025-09-15T14:18:40","slug":"volvo-excavator-ecr40","status":"publish","type":"product","link":"https:\/\/games.tactic.net\/sv\/tuote\/volvo-excavator-ecr40\/","title":{"rendered":"Bruder Volvo Excavator ECR40"},"content":{"rendered":"<p>Volvo kompaktlastare \u00e4r smidig och l\u00e4tt att man\u00f6vrera, med kort sv\u00e4ngradie. Trots sina sm\u00e5 m\u00e5tt klarar den m\u00e5nga olika leksituationer. Den sidledssv\u00e4ngande gr\u00e4varmen g\u00f6r den extra flexibel. Med sitt larvbandschassi tar den sig fram \u00e4ven i tuffare terr\u00e4ng \u2013 till och med i sandl\u00e5dan! Markbladet ger extra stabilitet p\u00e5 mjukt underlag, vilket g\u00f6r det l\u00e4ttare att j\u00e4mna till marken under leken. Precis som p\u00e5 den riktiga maskinen \u00e4r hytten f\u00f6rsedd med genomskinliga f\u00f6nster och \u00f6ppningsbar d\u00f6rr. Gr\u00e4vmaskinsdelen kan dessutom snurra hela 360\u00b0 \u2013 precis som p\u00e5 riktigt.<\/p>\n","protected":false},"excerpt":{"rendered":"<p>Volvo kompaktlastare \u00e4r smidig och l\u00e4tt att man\u00f6vrera, med kort sv\u00e4ngradie.<\/p>\n","protected":false},"featured_media":0,"template":"","meta":{"content-type":"","_monsterinsights_skip_tracking":false,"_monsterinsights_sitenote_active":false,"_monsterinsights_sitenote_note":"","_monsterinsights_sitenote_category":0},"product_brand":[],"product_cat":[823],"product_tag":[],"brand":[],"target-group":[],"discontinued":[],"class_list":{"0":"post-1368010","1":"product","2":"type-product","3":"status-publish","5":"product_cat-bruder","7":"first","8":"outofstock","9":"taxable","10":"shipping-taxable","11":"product-type-simple"},"aioseo_notices":[],"_links":{"self":[{"href":"https:\/\/games.tactic.net\/sv\/wp-json\/wp\/v2\/product\/1368010","targetHints":{"allow":["GET"]}}],"collection":[{"href":"https:\/\/games.tactic.net\/sv\/wp-json\/wp\/v2\/product"}],"about":[{"href":"https:\/\/games.tactic.net\/sv\/wp-json\/wp\/v2\/types\/product"}],"wp:attachment":[{"href":"https:\/\/games.tactic.net\/sv\/wp-json\/wp\/v2\/media?parent=1368010"}],"wp:term":[{"taxonomy":"product_brand","embeddable":true,"href":"https:\/\/games.tactic.net\/sv\/wp-json\/wp\/v2\/product_brand?post=1368010"},{"taxonomy":"product_cat","embeddable":true,"href":"https:\/\/games.tactic.net\/sv\/wp-json\/wp\/v2\/product_cat?post=1368010"},{"taxonomy":"product_tag","embeddable":true,"href":"https:\/\/games.tactic.net\/sv\/wp-json\/wp\/v2\/product_tag?post=1368010"},{"taxonomy":"brand","embeddable":true,"href":"https:\/\/games.tactic.net\/sv\/wp-json\/wp\/v2\/brand?post=1368010"},{"taxonomy":"target-group","embeddable":true,"href":"https:\/\/games.tactic.net\/sv\/wp-json\/wp\/v2\/target-group?post=1368010"},{"taxonomy":"discontinued","embeddable":true,"href":"https:\/\/games.tactic.net\/sv\/wp-json\/wp\/v2\/discontinued?post=1368010"}],"curies":[{"name":"wp","href":"https:\/\/api.w.org\/{rel}","templated":true}]}}